{"id":983,"date":"2025-05-18T22:08:24","date_gmt":"2025-05-18T22:08:24","guid":{"rendered":"https:\/\/aebriteiros.pt\/inicio\/?page_id=983"},"modified":"2025-12-16T20:23:05","modified_gmt":"2025-12-16T20:23:05","slug":"provas-de-avaliacao-interna-2024-2025","status":"publish","type":"page","link":"https:\/\/aebriteiros.pt\/inicio\/provas-de-avaliacao-interna-2024-2025\/","title":{"rendered":"Provas de Avalia\u00e7\u00e3o Interna 2025\/2026"},"content":{"rendered":"\n<p class=\"has-yellow-background-color has-background\"><strong>Informa\u00e7\u00f5es de Prova de Equival\u00eancia \u00e0 Frequ\u00eancia<\/strong><\/p>\n\n\n\n<p><strong>1\u00ba Ciclo<\/strong><\/p>\n\n\n\n<figure class=\"wp-block-table is-style-stripes\"><table class=\"has-fixed-layout\"><tbody><tr><td>22 &#8211; Estudo do Meio<\/td><td>45 &#8211; Ingl\u00eas<\/td><\/tr><tr><td>41 &#8211; Portugu\u00eas<\/td><td>46 &#8211; Educa\u00e7\u00e3o Art\u00edstica<\/td><\/tr><tr><td>42 &#8211; Matem\u00e1tica<\/td><td>47- Educa\u00e7\u00e3o F\u00edsica<\/td><\/tr><tr><td>43 &#8211; Portugu\u00eas L\u00edngua N\u00e3o Materna A2<\/td><td>48 &#8211; Cidadania e Desenvolvimento<\/td><\/tr><tr><td>44 &#8211; Portugu\u00eas L\u00edngua N\u00e3o Materna B2<\/td><td><\/td><\/tr><\/tbody><\/table><\/figure>\n\n\n\n<p><strong>2\u00ba Ciclo<\/strong><\/p>\n\n\n\n<figure class=\"wp-block-table is-style-stripes\"><table class=\"has-fixed-layout\"><tbody><tr><td>02 &#8211; Ci\u00eancias Naturais<\/td><td>61 &#8211; Portugu\u00eas (Escrita)<\/td><\/tr><tr><td>03 &#8211; Educa\u00e7\u00e3o Visual<\/td><td>61 &#8211; Portugu\u00eas (Oral)<\/td><\/tr><tr><td>05 &#8211; Hist\u00f3ria e Geografia de Portugal<\/td><td>62 &#8211; Matem\u00e1tica<\/td><\/tr><tr><td>06 &#8211; Ingl\u00eas<\/td><td>63, 64 &#8211; Portugu\u00eas L\u00edngua N\u00e3o Materna (Escrita e Oral)<\/td><\/tr><tr><td>07 &#8211; Educa\u00e7\u00e3o Tecnol\u00f3gica<\/td><td>65 &#8211; Cidadania e Desenvolvimento<\/td><\/tr><tr><td>12 &#8211; Educa\u00e7\u00e3o Musical<\/td><td>66 &#8211; Tecnologias de Informa\u00e7\u00e3o e Comunica\u00e7\u00e3o<\/td><\/tr><tr><td>28 &#8211; Educa\u00e7\u00e3o F\u00edsica<\/td><td><\/td><\/tr><\/tbody><\/table><\/figure>\n\n\n\n<p><strong>3\u00ba Ciclo<\/strong><\/p>\n\n\n\n<figure class=\"wp-block-table is-style-stripes\"><table class=\"has-fixed-layout\"><tbody><tr><td>10 &#8211; Ci\u00eancias Naturais<\/td><td>19 &#8211; Hist\u00f3ria<\/td><\/tr><tr><td><a href=\"https:\/\/aebriteiros.pt\/inicio\/wp-content\/uploads\/2025\/05\/11_EP_PEQF_Informacao_Prova-FQ_2025.pdf\" target=\"_blank\" rel=\"noreferrer noopener\">11 &#8211; Fisic\u00f3-Qu\u00edmica<\/a><\/td><td>21 &#8211; Ingl\u00eas<\/td><\/tr><tr><td>14 &#8211; Educa\u00e7\u00e3o Visual<\/td><td>24 &#8211; Tecnologias de Informa\u00e7\u00e3o e Comunica\u00e7\u00e3o<\/td><\/tr><tr><td>16 &#8211; Franc\u00eas (Oral)<\/td><td>26 &#8211; Educa\u00e7\u00e3o F\u00edsica<\/td><\/tr><tr><td>16 &#8211; Franc\u00eas (Escrita)<\/td><td>96 &#8211; Cidadania e Desenvolvimento<\/td><\/tr><tr><td>18 &#8211; Geografia<\/td><td>97 &#8211; Complemento \u00e0 Educa\u00e7\u00e3o Art\u00edstica<\/td><\/tr><\/tbody><\/table><\/figure>\n\n\n\n<p class=\"has-yellow-background-color has-background\"><strong>Informa\u00e7\u00f5es de Prova a N\u00edvel de Escola<\/strong><\/p>\n\n\n\n<div class=\"wp-block-columns is-layout-flex wp-container-core-columns-is-layout-9d6595d7 wp-block-columns-is-layout-flex\">\n<div class=\"wp-block-column is-layout-flow wp-block-column-is-layout-flow\" style=\"flex-basis:100%\">\n<figure class=\"wp-block-table is-style-stripes\"><table class=\"has-fixed-layout\"><tbody><tr><td>81 &#8211; Portugu\u00eas<\/td><td>82 &#8211; Matem\u00e1tica<\/td><\/tr><\/tbody><\/table><\/figure>\n<\/div>\n<\/div>\n\n\n\n<p><\/p>\n\n\n\n<p><\/p>\n\n\n\n<p><\/p>\n","protected":false},"excerpt":{"rendered":"<p>Informa\u00e7\u00f5es de Prova de Equival\u00eancia \u00e0 Frequ\u00eancia 1\u00ba Ciclo 22 &#8211; Estudo do Meio 45 &#8211;<\/p>\n<p><a href=\"https:\/\/aebriteiros.pt\/inicio\/provas-de-avaliacao-interna-2024-2025\/\" class=\"more-link\">Continue a ler&#8230;<span class=\"screen-reader-text\">Provas de Avalia\u00e7\u00e3o Interna 2025\/2026<\/span><\/a><\/p>\n","protected":false},"author":1,"featured_media":0,"parent":0,"menu_order":0,"comment_status":"closed","ping_status":"closed","template":"","meta":{"footnotes":""},"class_list":["post-983","page","type-page","status-publish","hentry"],"_links":{"self":[{"href":"https:\/\/aebriteiros.pt\/inicio\/wp-json\/wp\/v2\/pages\/983","targetHints":{"allow":["GET"]}}],"collection":[{"href":"https:\/\/aebriteiros.pt\/inicio\/wp-json\/wp\/v2\/pages"}],"about":[{"href":"https:\/\/aebriteiros.pt\/inicio\/wp-json\/wp\/v2\/types\/page"}],"author":[{"embeddable":true,"href":"https:\/\/aebriteiros.pt\/inicio\/wp-json\/wp\/v2\/users\/1"}],"replies":[{"embeddable":true,"href":"https:\/\/aebriteiros.pt\/inicio\/wp-json\/wp\/v2\/comments?post=983"}],"version-history":[{"count":45,"href":"https:\/\/aebriteiros.pt\/inicio\/wp-json\/wp\/v2\/pages\/983\/revisions"}],"predecessor-version":[{"id":1415,"href":"https:\/\/aebriteiros.pt\/inicio\/wp-json\/wp\/v2\/pages\/983\/revisions\/1415"}],"wp:attachment":[{"href":"https:\/\/aebriteiros.pt\/inicio\/wp-json\/wp\/v2\/media?parent=983"}],"curies":[{"name":"wp","href":"https:\/\/api.w.org\/{rel}","templated":true}]}}