{"id":914,"date":"2025-04-03T15:11:58","date_gmt":"2025-04-03T15:11:58","guid":{"rendered":"https:\/\/aebriteiros.pt\/inicio\/?page_id=914"},"modified":"2026-04-15T15:47:17","modified_gmt":"2026-04-15T15:47:17","slug":"matriculas","status":"publish","type":"page","link":"https:\/\/aebriteiros.pt\/inicio\/matriculas\/","title":{"rendered":"Matr\u00edculas &#8211; Ano Letivo 2026\/2027"},"content":{"rendered":"\n<p><strong><mark style=\"background-color:#ffbf00\" class=\"has-inline-color\">Calendariza\u00e7\u00e3o<\/mark><\/strong><\/p>\n\n\n\n<figure class=\"wp-block-table is-style-stripes\"><table class=\"has-fixed-layout\"><thead><tr><td><strong>N\u00edvel de Ensino \/ Ano<\/strong><\/td><td><strong>Matr\u00edcula \/ Renova\u00e7\u00e3o<\/strong><\/td><\/tr><\/thead><tbody><tr><td>Pr\u00e9-escolar e 1.\u00ba ano do Ensino B\u00e1sico<\/td><td>22 de abril a 1 de junho<\/td><\/tr><tr><td>6.\u00ba ao 9.\u00ba ano e 11.\u00ba ano<\/td><td>16 de junho a 29 de junho<\/td><\/tr><tr><td>2.\u00ba ao 5.\u00ba ano<\/td><td>1 de julho a 13 de julho<\/td><\/tr><tr><td>10.\u00ba e 12.\u00ba ano<\/td><td>15 de julho a 22 de julho<\/td><\/tr><\/tbody><\/table><\/figure>\n\n\n\n<p><strong><a href=\"https:\/\/aebriteiros.pt\/inicio\/wp-content\/uploads\/2026\/04\/Despacho-4472A_2026-de-6-de-abril.pdf\" data-type=\"link\" data-id=\"https:\/\/aebriteiros.pt\/inicio\/wp-content\/uploads\/2026\/04\/Despacho-4472A_2026-de-6-de-abril.pdf\" target=\"_blank\" rel=\"noreferrer noopener\">Despacho n.\u00ba 4472-A\/2026 &#8211; Define o calend\u00e1rio das matr\u00edculas e respetivas renova\u00e7\u00f5es, bem como dos prazos que destes dependam, para a educa\u00e7\u00e3o pr\u00e9-escolar e os ensinos b\u00e1sico e secund\u00e1rio.<\/a><\/strong><\/p>\n\n\n\n<p><strong><mark style=\"background-color:#ffbf00\" class=\"has-inline-color\">Portal das Matr\u00edculas<\/mark><\/strong><\/p>\n\n\n\n<p><strong>Quando deve utilizar o Portal das Matr\u00edculas<\/strong>?<\/p>\n\n\n\n<ul class=\"wp-block-list\">\n<li>Para fazer a matr\u00edcula pela primeira vez no Pr\u00e9-Escolar e no 1.\u00ba ano<\/li>\n\n\n\n<li>Para renovar a matr\u00edcula na transi\u00e7\u00e3o dos 5.\u00ba, 7.\u00ba, 10.\u00ba e 12.\u00ba anos&nbsp;<\/li>\n\n\n\n<li>Para renovar a matr\u00edcula, na transi\u00e7\u00e3o para os outros anos, sempre que pretenda ou seja necess\u00e1rio:<br>\u2013 a mudan\u00e7a de estabelecimento de educa\u00e7\u00e3o ou de ensino<br>\u2013 a altera\u00e7\u00e3o de Encarregado de Educa\u00e7\u00e3o<\/li>\n<\/ul>\n\n\n\n<p><strong>Renova\u00e7\u00f5es Autom\u00e1ticas de Matr\u00edculas<\/strong><\/p>\n\n\n\n<p>A renova\u00e7\u00e3o de matr\u00edculas nos anos de continuidade de ciclos (2.\u00ba, 3.\u00ba, 4.\u00ba, 6.\u00ba, 8.\u00ba, 9.\u00ba e 11.\u00ba anos)&nbsp;<strong>\u00e9 autom\u00e1tica<\/strong>.<\/p>\n\n\n\n<p>As renova\u00e7\u00f5es autom\u00e1ticas s\u00e3o igualmente aplic\u00e1veis a transi\u00e7\u00f5es no Pr\u00e9-Escolar.<\/p>\n\n\n\n<p>Aceda ao <strong>Portal das Matr\u00edculas<\/strong> clicando na imagem abaixo:<\/p>\n\n\n\n<figure class=\"wp-block-image size-medium is-resized\"><a href=\"https:\/\/www.portaldasmatriculas.edu.gov.pt\/\" target=\"_blank\" rel=\" noreferrer noopener\"><img decoding=\"async\" width=\"300\" height=\"84\" src=\"https:\/\/aebriteiros.pt\/inicio\/wp-content\/uploads\/2026\/04\/PM-300x84.jpg\" alt=\"\" class=\"wp-image-1885\" style=\"width:300px;height:auto\" srcset=\"https:\/\/aebriteiros.pt\/inicio\/wp-content\/uploads\/2026\/04\/PM-300x84.jpg 300w, https:\/\/aebriteiros.pt\/inicio\/wp-content\/uploads\/2026\/04\/PM-1024x285.jpg 1024w, https:\/\/aebriteiros.pt\/inicio\/wp-content\/uploads\/2026\/04\/PM-768x214.jpg 768w, https:\/\/aebriteiros.pt\/inicio\/wp-content\/uploads\/2026\/04\/PM.jpg 1306w\" sizes=\"(max-width: 300px) 100vw, 300px\" \/><\/a><\/figure>\n\n\n\n<p><strong><mark style=\"background-color:#ffbf00\" class=\"has-inline-color has-black-color\">Documentos Necess\u00e1rios para a Matr\u00edcula<\/mark><\/strong> <\/p>\n\n\n\n<p><strong><u>Os encarregados de educa\u00e7\u00e3o devem entregar nos Servi\u00e7os Administrativos do AE Briteiros os seguintes documentos, devidamente imprimidos\/fotocopiados:<\/u><\/strong><\/p>\n\n\n\n<ul class=\"wp-block-list\">\n<li>C\u00f3pia do Cart\u00e3o de Cidad\u00e3o (ou Doc. Identifica\u00e7\u00e3o) Enc. Educa\u00e7\u00e3o (<strong>+ NIF; + NISS; + N\u00ba SNS<\/strong>), assinado e datado pelo Enc. Educ.<\/li>\n\n\n\n<li>C\u00f3pia do Cart\u00e3o de Cidad\u00e3o (ou Doc. Identifica\u00e7\u00e3o) da Crian\u00e7a\/Aluno (<strong>+ NIF; + NISS; + N\u00ba SNS<\/strong>), assinado e datado pelo Enc. Educ.<\/li>\n\n\n\n<li>C\u00f3pia Cart\u00e3o de Cidad\u00e3o (ou Doc. Identifica\u00e7\u00e3o) (<strong>+ NIF; + NISS; + N\u00ba SNS<\/strong>) do Pai\/M\u00e3e que n\u00e3o \u00e9 o Enc. Educ., assinado e datado pelo Enc. Educ.<\/li>\n\n\n\n<li>Fotografia atualizada (pode ser em suporte digital)<\/li>\n\n\n\n<li>C\u00f3pia do Boletim de Vacinas do aluno (c\u00f3pia contendo a p\u00e1gina de identifica\u00e7\u00e3o do aluno bem como todas as p\u00e1ginas com selos de vacina\u00e7\u00e3o)<\/li>\n\n\n\n<li>Comprovativo de morada, do&nbsp;<strong>Portal das Finan\u00e7as<\/strong>&nbsp;(\u00abCertid\u00f5es\u00bb \u00abAceder\u00bb \u00abConsultar\u00bb \u00abDomic\u00edlio Fiscal\u00bb \u00abContinuar\u00bb \u00abObter\u00bb).<\/li>\n\n\n\n<li>Comprovativo do Agregado Familiar, do&nbsp;<strong>Portal das Finan\u00e7as.&nbsp;<\/strong>(Agregado Familiar \u00bb Aceder \u00bb Comprovativo)<\/li>\n\n\n\n<li>Declara\u00e7\u00e3o emitida pela&nbsp;<strong>Seguran\u00e7a Social<\/strong>&nbsp;ou pelo servi\u00e7o processador, na qual conste o escal\u00e3o de abono de fam\u00edlia atribu\u00eddo \u00e0 crian\u00e7a. (caso um dos pais esteja desempregado h\u00e1 + de 3 meses, deve tamb\u00e9m trazer declara\u00e7\u00e3o emitida pelo IEFP onde conste que&nbsp;<\/li>\n\n\n\n<li>Caso pretenda usar a morada do trabalho para seria\u00e7\u00e3o, deve tamb\u00e9m trazer uma declara\u00e7\u00e3o emitida pela entidade patronal onde declare que o Enc. Educa\u00e7\u00e3o \u00e9 funcion\u00e1rio na respectiva empresa e a morada da empresa onde exerce a sua actividade profissional.<\/li>\n\n\n\n<li>Caso o aluno tenha Necessidades Educativas Especiais, deve trazer o RTP (Relat\u00f3rio T\u00e9cnico-Pedag\u00f3gico), bem como relat\u00f3rios m\u00e9dicos que sejam relevantes.&nbsp;<\/li>\n\n\n\n<li>Regula\u00e7\u00e3o dos Deveres Parentais caso pais estejam separados.<\/li>\n<\/ul>\n\n\n\n<p><strong><mark style=\"background-color:#ffbf00\" class=\"has-inline-color\">Outros documentos:<\/mark><\/strong><\/p>\n\n\n\n<ul class=\"wp-block-list\">\n<li>Certificado de Habilita\u00e7\u00f5es&nbsp;(original)&nbsp;apostilhado (caso o aluno venha do estrangeiro) \u2013&nbsp;<strong>caso o aluno venha para frequentar o 2\u00ba ano ou seguintes.&nbsp;<u>TEM DE DIZER SE TRANSITOU OU N\u00c3O DE ANO<\/u><\/strong><\/li>\n<\/ul>\n\n\n\n<p><\/p>\n\n\n\n<div class=\"wp-block-file\"><a id=\"wp-block-file--media-5fa96c2d-82c9-451b-9dad-45c2444c66d7\" href=\"https:\/\/aebriteiros.pt\/inicio\/wp-content\/uploads\/2025\/04\/Seguro-Escolar-regulamento-interno.pdf\">Normas do Seguro Escolar + Regulamento Interno<\/a><a href=\"https:\/\/aebriteiros.pt\/inicio\/wp-content\/uploads\/2025\/04\/Seguro-Escolar-regulamento-interno.pdf\" class=\"wp-block-file__button wp-element-button\" download aria-describedby=\"wp-block-file--media-5fa96c2d-82c9-451b-9dad-45c2444c66d7\">Descarregar<\/a><\/div>\n\n\n\n<div class=\"wp-block-file\"><a id=\"wp-block-file--media-46d09285-74b7-43fc-9dcc-384d610636ae\" href=\"https:\/\/aebriteiros.pt\/inicio\/wp-content\/uploads\/2026\/04\/Dados-Pai-Mae-26.27-todos.pdf\">Dados Pai + M\u00e3e 26.27 (todos)<\/a><a href=\"https:\/\/aebriteiros.pt\/inicio\/wp-content\/uploads\/2026\/04\/Dados-Pai-Mae-26.27-todos.pdf\" class=\"wp-block-file__button wp-element-button\" download aria-describedby=\"wp-block-file--media-46d09285-74b7-43fc-9dcc-384d610636ae\">Descarregar<\/a><\/div>\n\n\n\n<div class=\"wp-block-file\"><a id=\"wp-block-file--media-05a03bc9-ec37-4152-9c0d-14a34d92d16f\" href=\"https:\/\/aebriteiros.pt\/inicio\/wp-content\/uploads\/2026\/04\/Condicional-1o-ano-se-completa-6-anos-apos-15-set.pdf\">Condicional (1\u00ba ano, se completa 6 anos ap\u00f3s 15 set)<\/a><a href=\"https:\/\/aebriteiros.pt\/inicio\/wp-content\/uploads\/2026\/04\/Condicional-1o-ano-se-completa-6-anos-apos-15-set.pdf\" class=\"wp-block-file__button wp-element-button\" download aria-describedby=\"wp-block-file--media-05a03bc9-ec37-4152-9c0d-14a34d92d16f\">Descarregar<\/a><\/div>\n\n\n\n<div class=\"wp-block-file\"><a id=\"wp-block-file--media-bbd4b00d-05f5-47fa-8343-9b27a299b892\" href=\"https:\/\/aebriteiros.pt\/inicio\/wp-content\/uploads\/2026\/04\/Req.-EMR-26.27-Ensino-Basico.pdf\">Req. EMR 26.27 (Ensino B\u00e1sico)<\/a><a href=\"https:\/\/aebriteiros.pt\/inicio\/wp-content\/uploads\/2026\/04\/Req.-EMR-26.27-Ensino-Basico.pdf\" class=\"wp-block-file__button wp-element-button\" download aria-describedby=\"wp-block-file--media-bbd4b00d-05f5-47fa-8343-9b27a299b892\">Descarregar<\/a><\/div>\n\n\n\n<div class=\"wp-block-file\"><a id=\"wp-block-file--media-aaa68a71-23a9-4455-92ee-495b29aa069d\" href=\"https:\/\/aebriteiros.pt\/inicio\/wp-content\/uploads\/2026\/04\/AEC-2026.27-1o-Ciclo.pdf\">AEC 2026.27 (1\u00ba Ciclo)<\/a><a href=\"https:\/\/aebriteiros.pt\/inicio\/wp-content\/uploads\/2026\/04\/AEC-2026.27-1o-Ciclo.pdf\" class=\"wp-block-file__button wp-element-button\" download aria-describedby=\"wp-block-file--media-aaa68a71-23a9-4455-92ee-495b29aa069d\">Descarregar<\/a><\/div>\n\n\n\n<p><\/p>\n","protected":false},"excerpt":{"rendered":"<p>Calendariza\u00e7\u00e3o N\u00edvel de Ensino \/ Ano Matr\u00edcula \/ Renova\u00e7\u00e3o Pr\u00e9-escolar e 1.\u00ba ano do Ensino B\u00e1sico<\/p>\n<p><a href=\"https:\/\/aebriteiros.pt\/inicio\/matriculas\/\" class=\"more-link\">Continue a ler&#8230;<span class=\"screen-reader-text\">Matr\u00edculas &#8211; Ano Letivo 2026\/2027<\/span><\/a><\/p>\n","protected":false},"author":1,"featured_media":0,"parent":0,"menu_order":0,"comment_status":"closed","ping_status":"closed","template":"","meta":{"footnotes":""},"class_list":["post-914","page","type-page","status-publish","hentry"],"_links":{"self":[{"href":"https:\/\/aebriteiros.pt\/inicio\/wp-json\/wp\/v2\/pages\/914","targetHints":{"allow":["GET"]}}],"collection":[{"href":"https:\/\/aebriteiros.pt\/inicio\/wp-json\/wp\/v2\/pages"}],"about":[{"href":"https:\/\/aebriteiros.pt\/inicio\/wp-json\/wp\/v2\/types\/page"}],"author":[{"embeddable":true,"href":"https:\/\/aebriteiros.pt\/inicio\/wp-json\/wp\/v2\/users\/1"}],"replies":[{"embeddable":true,"href":"https:\/\/aebriteiros.pt\/inicio\/wp-json\/wp\/v2\/comments?post=914"}],"version-history":[{"count":25,"href":"https:\/\/aebriteiros.pt\/inicio\/wp-json\/wp\/v2\/pages\/914\/revisions"}],"predecessor-version":[{"id":1898,"href":"https:\/\/aebriteiros.pt\/inicio\/wp-json\/wp\/v2\/pages\/914\/revisions\/1898"}],"wp:attachment":[{"href":"https:\/\/aebriteiros.pt\/inicio\/wp-json\/wp\/v2\/media?parent=914"}],"curies":[{"name":"wp","href":"https:\/\/api.w.org\/{rel}","templated":true}]}}