{"id":904,"date":"2025-03-18T11:11:44","date_gmt":"2025-03-18T11:11:44","guid":{"rendered":"https:\/\/aebriteiros.pt\/inicio\/?page_id=904"},"modified":"2026-04-28T14:19:44","modified_gmt":"2026-04-28T14:19:44","slug":"acao-social-escolar","status":"publish","type":"page","link":"https:\/\/aebriteiros.pt\/inicio\/acao-social-escolar\/","title":{"rendered":"A\u00e7\u00e3o Social Escolar"},"content":{"rendered":"\n<p>Informam-se todos os interessados a candidatarem-se ao subs\u00eddio escolar de que devem proceder \u00e0<strong>&nbsp;entrega PRESENCIAL<\/strong>, nos Servi\u00e7os Administrativos deste Agrupamento, o documento emitido pela Seguran\u00e7a Social comprovativo do escal\u00e3o do&nbsp;Abono&nbsp;de Fam\u00edlia (1.\u00ba, 2.\u00ba ou 3.\u00ba) do seu educando, entre os dias&nbsp;<strong>27 de abril e 29 de maio de 2026.<\/strong><\/p>\n\n\n\n<p>Os encarregados de educa\u00e7\u00e3o que se encontrem inscritos no Centro de Emprego h\u00e1<strong>&nbsp;mais de 3 meses e que possuam o 2.\u00ba escal\u00e3o da Seguran\u00e7a Social&nbsp;<\/strong>dever\u00e3o apresentar, em simult\u00e2neo, a respetiva declara\u00e7\u00e3o comprovativa.<\/p>\n\n\n\n<p>Os alunos que transitem para o 10.\u00ba ano de escolaridade dever\u00e3o entregar o referido documento na escola secund\u00e1ria que ir\u00e3o frequentar no ano letivo 2026\/2027.&#8221;<\/p>\n\n\n\n<p><\/p>\n","protected":false},"excerpt":{"rendered":"<p>Informam-se todos os interessados a candidatarem-se ao subs\u00eddio escolar de que devem proceder \u00e0&nbsp;entrega PRESENCIAL, nos<\/p>\n<p><a href=\"https:\/\/aebriteiros.pt\/inicio\/acao-social-escolar\/\" class=\"more-link\">Continue a ler&#8230;<span class=\"screen-reader-text\">A\u00e7\u00e3o Social Escolar<\/span><\/a><\/p>\n","protected":false},"author":1,"featured_media":0,"parent":0,"menu_order":0,"comment_status":"closed","ping_status":"closed","template":"","meta":{"footnotes":""},"class_list":["post-904","page","type-page","status-publish","hentry"],"_links":{"self":[{"href":"https:\/\/aebriteiros.pt\/inicio\/wp-json\/wp\/v2\/pages\/904","targetHints":{"allow":["GET"]}}],"collection":[{"href":"https:\/\/aebriteiros.pt\/inicio\/wp-json\/wp\/v2\/pages"}],"about":[{"href":"https:\/\/aebriteiros.pt\/inicio\/wp-json\/wp\/v2\/types\/page"}],"author":[{"embeddable":true,"href":"https:\/\/aebriteiros.pt\/inicio\/wp-json\/wp\/v2\/users\/1"}],"replies":[{"embeddable":true,"href":"https:\/\/aebriteiros.pt\/inicio\/wp-json\/wp\/v2\/comments?post=904"}],"version-history":[{"count":3,"href":"https:\/\/aebriteiros.pt\/inicio\/wp-json\/wp\/v2\/pages\/904\/revisions"}],"predecessor-version":[{"id":1948,"href":"https:\/\/aebriteiros.pt\/inicio\/wp-json\/wp\/v2\/pages\/904\/revisions\/1948"}],"wp:attachment":[{"href":"https:\/\/aebriteiros.pt\/inicio\/wp-json\/wp\/v2\/media?parent=904"}],"curies":[{"name":"wp","href":"https:\/\/api.w.org\/{rel}","templated":true}]}}