{"id":82,"date":"2024-09-11T19:58:56","date_gmt":"2024-09-11T19:58:56","guid":{"rendered":"https:\/\/aebriteiros.pt\/inicio\/?page_id=82"},"modified":"2024-09-16T04:23:56","modified_gmt":"2024-09-16T04:23:56","slug":"agrupamento","status":"publish","type":"page","link":"https:\/\/aebriteiros.pt\/inicio\/agrupamento\/","title":{"rendered":"Agrupamento"},"content":{"rendered":"\n<div class=\"wp-block-group\"><div class=\"wp-block-group__inner-container is-layout-constrained wp-block-group-is-layout-constrained\">\n<p>O Agrupamento de Escolas de Briteiros (AEB) foi criado por Despacho do Senhor Secret\u00e1rio de Estado da Administra\u00e7\u00e3o Educativa em 13 de junho de 2003.<\/p>\n\n\n\n<h2><span style=\"color: #da291c;\">Oferta Formativa<\/span><\/h2>\n<hr \/>\n<p><\/p>\n<p>O AEB constitui uma unidade org\u00e2nica de ensino, pertencente \u00e0 rede p\u00fablica do Minist\u00e9rio de Educa\u00e7\u00e3o, tem a sede na Escola B\u00e1sica de Briteiros e engloba oito estabelecimentos que abrangem v\u00e1rios n\u00edveis de ensino, a saber:<\/p>\n<p>\n\n<\/p>\n<p>\uf0ee <strong>Escola B\u00e1sica de Briteiros \u00a0<span style=\"color: #046a38;\">(2\u00ba e 3\u00ba ciclos)<\/span>;<\/strong><\/p>\n<p>\n\n<\/p>\n<p>\uf0ee <strong>Escola B\u00e1sica de Barco <span style=\"color: #046a38;\">(Educa\u00e7\u00e3o pr\u00e9-escolar e 1\u00ba ciclo)<\/span>;<\/strong><\/p>\n<p><strong>\n\n<\/strong><\/p>\n<p><strong>\uf0ee Escola B\u00e1sica de Donim <span style=\"color: #046a38;\">(Educa\u00e7\u00e3o pr\u00e9-escolar e 1\u00ba ciclo)<\/span>;<\/strong><\/p>\n<p><strong>\n\n<\/strong><\/p>\n<p><strong>\uf0ee Escola B\u00e1sica de Igreja <span style=\"color: #046a38;\">(Educa\u00e7\u00e3o pr\u00e9-escolar e 1\u00ba ciclo);<\/span><\/strong><\/p>\n<p><strong>\n\n<\/strong><\/p>\n<p><strong>\uf0ee Escola B\u00e1sica de Fafi\u00e3o <span style=\"color: #046a38;\">(Educa\u00e7\u00e3o pr\u00e9-escolar e 1\u00ba ciclo);<\/span><\/strong><\/p>\n<p><strong>\n\n<\/strong><\/p>\n<p><strong>\uf0ee Escola B\u00e1sica de Serrado <span style=\"color: #046a38;\">(Educa\u00e7\u00e3o pr\u00e9-escolar e 1\u00ba ciclo)<\/span>;<\/strong><\/p>\n<p><strong>\uf0ee Escola B\u00e1sica de Souto Santa Maria <span style=\"color: #046a38;\">(Educa\u00e7\u00e3o pr\u00e9-escolar e 1\u00ba ciclo)<\/span>;<\/strong><\/p>\n<p><strong>\n\n<\/strong><\/p>\n<p><strong>\uf0ee Jardim de Inf\u00e2ncia de Souto Santa Maria <span style=\"color: #046a38;\">(Educa\u00e7\u00e3o pr\u00e9-escolar)<\/span>.<\/strong><\/p>\n<\/div><\/div>\n\n\n\n<div class=\"wp-block-group\"><div class=\"wp-block-group__inner-container is-layout-constrained wp-block-group-is-layout-constrained\">\n<div class=\"wp-block-group\"><div class=\"wp-block-group__inner-container is-layout-constrained wp-block-group-is-layout-constrained\"><\/div><\/div>\n<\/div><\/div>\n\n\n\n<p><\/p>\n","protected":false},"excerpt":{"rendered":"<p>O Agrupamento de Escolas de Briteiros (AEB) foi criado por Despacho do Senhor Secret\u00e1rio de Estado<\/p>\n<p><a href=\"https:\/\/aebriteiros.pt\/inicio\/agrupamento\/\" class=\"more-link\">Continue a ler&#8230;<span class=\"screen-reader-text\">Agrupamento<\/span><\/a><\/p>\n","protected":false},"author":1,"featured_media":0,"parent":0,"menu_order":0,"comment_status":"closed","ping_status":"closed","template":"","meta":{"footnotes":""},"class_list":["post-82","page","type-page","status-publish","hentry"],"_links":{"self":[{"href":"https:\/\/aebriteiros.pt\/inicio\/wp-json\/wp\/v2\/pages\/82","targetHints":{"allow":["GET"]}}],"collection":[{"href":"https:\/\/aebriteiros.pt\/inicio\/wp-json\/wp\/v2\/pages"}],"about":[{"href":"https:\/\/aebriteiros.pt\/inicio\/wp-json\/wp\/v2\/types\/page"}],"author":[{"embeddable":true,"href":"https:\/\/aebriteiros.pt\/inicio\/wp-json\/wp\/v2\/users\/1"}],"replies":[{"embeddable":true,"href":"https:\/\/aebriteiros.pt\/inicio\/wp-json\/wp\/v2\/comments?post=82"}],"version-history":[{"count":11,"href":"https:\/\/aebriteiros.pt\/inicio\/wp-json\/wp\/v2\/pages\/82\/revisions"}],"predecessor-version":[{"id":406,"href":"https:\/\/aebriteiros.pt\/inicio\/wp-json\/wp\/v2\/pages\/82\/revisions\/406"}],"wp:attachment":[{"href":"https:\/\/aebriteiros.pt\/inicio\/wp-json\/wp\/v2\/media?parent=82"}],"curies":[{"name":"wp","href":"https:\/\/api.w.org\/{rel}","templated":true}]}}