{"id":777,"date":"2025-02-27T19:00:32","date_gmt":"2025-02-27T19:00:32","guid":{"rendered":"https:\/\/aebriteiros.pt\/inicio\/?page_id=777"},"modified":"2025-02-27T21:38:37","modified_gmt":"2025-02-27T21:38:37","slug":"laboratorio-de-educacao-digital","status":"publish","type":"page","link":"https:\/\/aebriteiros.pt\/inicio\/laboratorio-de-educacao-digital\/","title":{"rendered":"Laborat\u00f3rio de Educa\u00e7\u00e3o Digital"},"content":{"rendered":"\n<figure class=\"wp-block-image size-large\"><img fetchpriority=\"high\" decoding=\"async\" width=\"1024\" height=\"725\" src=\"https:\/\/aebriteiros.pt\/inicio\/wp-content\/uploads\/2025\/02\/LED-1024x725.png\" alt=\"\" class=\"wp-image-791\" srcset=\"https:\/\/aebriteiros.pt\/inicio\/wp-content\/uploads\/2025\/02\/LED-1024x725.png 1024w, https:\/\/aebriteiros.pt\/inicio\/wp-content\/uploads\/2025\/02\/LED-300x212.png 300w, https:\/\/aebriteiros.pt\/inicio\/wp-content\/uploads\/2025\/02\/LED-768x544.png 768w, https:\/\/aebriteiros.pt\/inicio\/wp-content\/uploads\/2025\/02\/LED-1536x1088.png 1536w, https:\/\/aebriteiros.pt\/inicio\/wp-content\/uploads\/2025\/02\/LED-2048x1450.png 2048w\" sizes=\"(max-width: 1024px) 100vw, 1024px\" \/><\/figure>\n\n\n\n<div class=\"wp-block-group is-nowrap is-layout-flex wp-container-core-group-is-layout-ad2f72ca wp-block-group-is-layout-flex\">\n<p class=\"has-black-color has-yellow-background-color has-text-color has-background has-link-color wp-elements-d7dc053223a087f5558b9366ab6bc5e0\"><strong><a href=\"https:\/\/led.dge.medu.pt\/cenarios-de-aprendizagem\" data-type=\"link\" data-id=\"https:\/\/led.dge.medu.pt\/cenarios-de-aprendizagem\" target=\"_blank\" rel=\"noreferrer noopener\">Cen\u00e1rios de Aprendizagem<\/a><\/strong><\/p>\n\n\n\n<div class=\"wp-block-group is-nowrap is-layout-flex wp-container-core-group-is-layout-ad2f72ca wp-block-group-is-layout-flex\">\n<p class=\"has-bright-pink-background-color has-background\"><a href=\"https:\/\/led.dge.medu.pt\/area\/comum\" target=\"_blank\" rel=\"noreferrer noopener\"><strong>Equipamentos da \u00c1rea Comum<\/strong><\/a><\/p>\n<\/div>\n\n\n\n<p class=\"has-dark-yellow-background-color has-background\"><a href=\"https:\/\/led.dge.medu.pt\/led-tipo-3\" target=\"_blank\" rel=\"noreferrer noopener\"><strong>Equipamento do LED 3<\/strong><\/a><\/p>\n<\/div>\n\n\n\n<p><\/p>\n","protected":false},"excerpt":{"rendered":"<p>Cen\u00e1rios de Aprendizagem Equipamentos da \u00c1rea Comum Equipamento do LED 3<\/p>\n","protected":false},"author":1,"featured_media":0,"parent":0,"menu_order":0,"comment_status":"closed","ping_status":"closed","template":"","meta":{"footnotes":""},"class_list":["post-777","page","type-page","status-publish","hentry"],"_links":{"self":[{"href":"https:\/\/aebriteiros.pt\/inicio\/wp-json\/wp\/v2\/pages\/777","targetHints":{"allow":["GET"]}}],"collection":[{"href":"https:\/\/aebriteiros.pt\/inicio\/wp-json\/wp\/v2\/pages"}],"about":[{"href":"https:\/\/aebriteiros.pt\/inicio\/wp-json\/wp\/v2\/types\/page"}],"author":[{"embeddable":true,"href":"https:\/\/aebriteiros.pt\/inicio\/wp-json\/wp\/v2\/users\/1"}],"replies":[{"embeddable":true,"href":"https:\/\/aebriteiros.pt\/inicio\/wp-json\/wp\/v2\/comments?post=777"}],"version-history":[{"count":13,"href":"https:\/\/aebriteiros.pt\/inicio\/wp-json\/wp\/v2\/pages\/777\/revisions"}],"predecessor-version":[{"id":834,"href":"https:\/\/aebriteiros.pt\/inicio\/wp-json\/wp\/v2\/pages\/777\/revisions\/834"}],"wp:attachment":[{"href":"https:\/\/aebriteiros.pt\/inicio\/wp-json\/wp\/v2\/media?parent=777"}],"curies":[{"name":"wp","href":"https:\/\/api.w.org\/{rel}","templated":true}]}}