{"id":764,"date":"2025-02-27T18:29:34","date_gmt":"2025-02-27T18:29:34","guid":{"rendered":"https:\/\/aebriteiros.pt\/inicio\/?page_id=764"},"modified":"2025-05-28T10:59:20","modified_gmt":"2025-05-28T10:59:20","slug":"recuperacao-das-aprendizagens-promocao-do-sucesso-escolar-e-combate-as-desigualdades","status":"publish","type":"page","link":"https:\/\/aebriteiros.pt\/inicio\/recuperacao-das-aprendizagens-promocao-do-sucesso-escolar-e-combate-as-desigualdades\/","title":{"rendered":"Recupera\u00e7\u00e3o das Aprendizagens, Promo\u00e7\u00e3o do Sucesso Escolar e Combate \u00e0s Desigualdades \u2013 \u201cPlano de Recupera\u00e7\u00e3o das Aprendizagens (PRA)&#8221;"},"content":{"rendered":"\n<figure class=\"wp-block-image size-large is-resized\"><img fetchpriority=\"high\" decoding=\"async\" width=\"725\" height=\"1024\" src=\"https:\/\/aebriteiros.pt\/inicio\/wp-content\/uploads\/2025\/02\/PESSOAS2030_FichaOperacao_A4_candidatura-parceria_page-0001-725x1024.jpg\" alt=\"\" class=\"wp-image-769\" style=\"width:500px\" srcset=\"https:\/\/aebriteiros.pt\/inicio\/wp-content\/uploads\/2025\/02\/PESSOAS2030_FichaOperacao_A4_candidatura-parceria_page-0001-725x1024.jpg 725w, https:\/\/aebriteiros.pt\/inicio\/wp-content\/uploads\/2025\/02\/PESSOAS2030_FichaOperacao_A4_candidatura-parceria_page-0001-212x300.jpg 212w, https:\/\/aebriteiros.pt\/inicio\/wp-content\/uploads\/2025\/02\/PESSOAS2030_FichaOperacao_A4_candidatura-parceria_page-0001-768x1085.jpg 768w, https:\/\/aebriteiros.pt\/inicio\/wp-content\/uploads\/2025\/02\/PESSOAS2030_FichaOperacao_A4_candidatura-parceria_page-0001-1087x1536.jpg 1087w, https:\/\/aebriteiros.pt\/inicio\/wp-content\/uploads\/2025\/02\/PESSOAS2030_FichaOperacao_A4_candidatura-parceria_page-0001.jpg 1241w\" sizes=\"(max-width: 725px) 100vw, 725px\" \/><\/figure>\n","protected":false},"excerpt":{"rendered":"","protected":false},"author":1,"featured_media":0,"parent":0,"menu_order":0,"comment_status":"closed","ping_status":"closed","template":"","meta":{"footnotes":""},"class_list":["post-764","page","type-page","status-publish","hentry"],"_links":{"self":[{"href":"https:\/\/aebriteiros.pt\/inicio\/wp-json\/wp\/v2\/pages\/764","targetHints":{"allow":["GET"]}}],"collection":[{"href":"https:\/\/aebriteiros.pt\/inicio\/wp-json\/wp\/v2\/pages"}],"about":[{"href":"https:\/\/aebriteiros.pt\/inicio\/wp-json\/wp\/v2\/types\/page"}],"author":[{"embeddable":true,"href":"https:\/\/aebriteiros.pt\/inicio\/wp-json\/wp\/v2\/users\/1"}],"replies":[{"embeddable":true,"href":"https:\/\/aebriteiros.pt\/inicio\/wp-json\/wp\/v2\/comments?post=764"}],"version-history":[{"count":6,"href":"https:\/\/aebriteiros.pt\/inicio\/wp-json\/wp\/v2\/pages\/764\/revisions"}],"predecessor-version":[{"id":1094,"href":"https:\/\/aebriteiros.pt\/inicio\/wp-json\/wp\/v2\/pages\/764\/revisions\/1094"}],"wp:attachment":[{"href":"https:\/\/aebriteiros.pt\/inicio\/wp-json\/wp\/v2\/media?parent=764"}],"curies":[{"name":"wp","href":"https:\/\/api.w.org\/{rel}","templated":true}]}}