{"id":656,"date":"2024-12-16T23:30:56","date_gmt":"2024-12-16T23:30:56","guid":{"rendered":"https:\/\/aebriteiros.pt\/inicio\/?page_id=656"},"modified":"2025-12-31T13:46:49","modified_gmt":"2025-12-31T13:46:49","slug":"projetos","status":"publish","type":"page","link":"https:\/\/aebriteiros.pt\/inicio\/projetos\/","title":{"rendered":"Clubes e Projetos"},"content":{"rendered":"\n<p><\/p>\n\n\n\n<p><\/p>\n\n\n\n<figure class=\"wp-block-image size-full\"><img fetchpriority=\"high\" decoding=\"async\" width=\"997\" height=\"501\" src=\"https:\/\/aebriteiros.pt\/inicio\/wp-content\/uploads\/2025\/02\/Untitled-2.png\" alt=\"\" class=\"wp-image-810\" srcset=\"https:\/\/aebriteiros.pt\/inicio\/wp-content\/uploads\/2025\/02\/Untitled-2.png 997w, https:\/\/aebriteiros.pt\/inicio\/wp-content\/uploads\/2025\/02\/Untitled-2-300x151.png 300w, https:\/\/aebriteiros.pt\/inicio\/wp-content\/uploads\/2025\/02\/Untitled-2-768x386.png 768w\" sizes=\"(max-width: 997px) 100vw, 997px\" \/><\/figure>\n\n\n\n<p><\/p>\n\n\n\n<p>Descobre os projetos e clubes dispon\u00edveis e junta-te a n\u00f3s nesta jornada de aprendizagem e crescimento!&nbsp;\ud83d\ude80\ud83c\udfad\ud83d\udd2c\ud83c\udfa4\ud83e\udd16<\/p>\n\n\n\n<p><\/p>\n\n\n\n<p>No&nbsp;<strong>Agrupamento de Escolas de Briteiros<\/strong>, acreditamos que a educa\u00e7\u00e3o vai muito al\u00e9m da sala de aula. Os nossos&nbsp;<strong>projetos e clubes<\/strong>&nbsp;s\u00e3o espa\u00e7os de aprendizagem ativa, onde os alunos podem desenvolver compet\u00eancias, explorar interesses e contribuir para a comunidade escolar de forma criativa e colaborativa. Desde a&nbsp;<strong>inova\u00e7\u00e3o tecnol\u00f3gica<\/strong>&nbsp;\u00e0&nbsp;<strong>cidadania ativa<\/strong>, passando pelo&nbsp;<strong>esp\u00edrito de equipa<\/strong>&nbsp;e&nbsp;<strong>express\u00e3o art\u00edstica<\/strong>, cada projeto e clube oferece uma oportunidade \u00fanica para os alunos crescerem pessoal e academicamente. Participar nestas atividades \u00e9 uma forma de viver a escola de maneira din\u00e2mica, desenvolvendo valores como a responsabilidade, a coopera\u00e7\u00e3o e o esp\u00edrito cr\u00edtico.<\/p>\n\n\n\n<hr class=\"wp-block-separator has-alpha-channel-opacity\"\/>\n\n\n\n<p><strong>P\u00e1gina Web:<\/strong> <a href=\"https:\/\/radioondacelta.pt\" target=\"_blank\" rel=\"noreferrer noopener\">R\u00e1dio Onda Celta<\/a> \/ <a href=\"https:\/\/aebriteiros.pt\/inicio\/wp-content\/uploads\/2025\/12\/PA_CP_Radio-Onda-Celta_25.26_AEBriteiros.pdf\" data-type=\"attachment\" data-id=\"1458\" target=\"_blank\" rel=\"noreferrer noopener\">Ver Plano de A\u00e7\u00e3o<\/a><\/p>\n\n\n\n<p><strong>P\u00e1gina Web:<\/strong> <a href=\"https:\/\/aebriteiros.pt\/inicio\/projeto-erasmus\/\" target=\"_blank\" rel=\"noreferrer noopener\">Erasmus+<\/a> \/ <a href=\"https:\/\/aebriteiros.pt\/inicio\/wp-content\/uploads\/2025\/12\/PA_CP_Erasmus_25.26_AEBriteiros.pdf\" data-type=\"attachment\" data-id=\"1460\" target=\"_blank\" rel=\"noreferrer noopener\">Ver Plano de A\u00e7\u00e3o<\/a><\/p>\n\n\n\n<p><strong>P\u00e1gina Web:<\/strong> <a href=\"https:\/\/aebriteiros.pt\/inicio\/etwinning\/\" target=\"_blank\" rel=\"noreferrer noopener\">eTwinning<\/a> \/ <a href=\"https:\/\/aebriteiros.pt\/inicio\/wp-content\/uploads\/2025\/12\/PA_CP_eTwinning_25.26_AEBriteiros.pdf\" data-type=\"link\" data-id=\"https:\/\/aebriteiros.pt\/inicio\/wp-content\/uploads\/2025\/12\/PA_CP_eTwinning_25.26_AEBriteiros.pdf\" target=\"_blank\" rel=\"noreferrer noopener\">Ver Plano de A\u00e7\u00e3o<\/a><\/p>\n\n\n\n\n\n<p><strong>Oficina Briteirices<\/strong>: <a href=\"https:\/\/aebriteiros.pt\/inicio\/wp-content\/uploads\/2025\/12\/PA_CP_Oficina-das-Briteirices_-25.26_AEBriteiros.pdf\" data-type=\"attachment\" data-id=\"1456\" target=\"_blank\" rel=\"noreferrer noopener\">Ver Plano de A\u00e7\u00e3o<\/a><\/p>\n\n\n\n<p><strong>Projeto &#8220;A Fam\u00edlia vem \u00e0 Escola&#8221;: <\/strong><a href=\"https:\/\/aebriteiros.pt\/inicio\/wp-content\/uploads\/2025\/12\/PA_CP_Projeto-A-Familia-vem-a-Escola_25.26_AEBriteiros.pdf\" data-type=\"attachment\" data-id=\"1450\" target=\"_blank\" rel=\"noreferrer noopener\">Ver Plano de A\u00e7\u00e3o<\/a><\/p>\n\n\n\n<p><strong>Projeto &#8220;Acessibilidade Cognitiva: Da Escola para o Mundo&#8221;:<\/strong> <a href=\"https:\/\/aebriteiros.pt\/inicio\/wp-content\/uploads\/2025\/12\/PA_CP_Projeto-Acessibilidade-Coginitiva_25.26_AE-Briteiros.pdf\" data-type=\"attachment\" data-id=\"1464\" target=\"_blank\" rel=\"noreferrer noopener\">Ver Plano de A\u00e7\u00e3o<\/a><\/p>\n\n\n\n<p><strong>Projeto &#8220;Incluir+: Sons, Cores e Sustentabilidade&#8221;:<\/strong> <a href=\"https:\/\/aebriteiros.pt\/inicio\/wp-content\/uploads\/2025\/12\/PA_CP_Incluir_25.26_AEBriteiros.pdf\" data-type=\"attachment\" data-id=\"1451\" target=\"_blank\" rel=\"noreferrer noopener\">Ver Plano de A\u00e7\u00e3o<\/a><\/p>\n\n\n\n<p><strong>Projeto &#8220;Programa de Mentorias&#8221;: <\/strong><a href=\"https:\/\/aebriteiros.pt\/inicio\/wp-content\/uploads\/2025\/12\/PA_CP_Programa-de-Mentorias_25.26_AEBriteiros.pdf\" data-type=\"attachment\" data-id=\"1463\" target=\"_blank\" rel=\"noreferrer noopener\">Ver Plano de A\u00e7\u00e3o<\/a><\/p>\n\n\n\n<p><strong>Projeto &#8220;Promo\u00e7\u00e3o e Educa\u00e7\u00e3o para a Sa\u00fade (PES)<\/strong>&#8220;: <a href=\"https:\/\/aebriteiros.pt\/inicio\/wp-content\/uploads\/2025\/12\/PA_CP_-PES_25.26_AEBriteiros.pdf\" data-type=\"attachment\" data-id=\"1459\" target=\"_blank\" rel=\"noreferrer noopener\">Ver Plano de A\u00e7\u00e3o<\/a><\/p>\n\n\n\n<p><strong>Projeto Ubuntu<\/strong>: <a href=\"https:\/\/aebriteiros.pt\/inicio\/wp-content\/uploads\/2025\/12\/PA_CP_Projeto-Ubuntu_25.26_AEBriteiros.pdf\" data-type=\"attachment\" data-id=\"1452\" target=\"_blank\" rel=\"noreferrer noopener\">Ver Plano de A\u00e7\u00e3o<\/a><\/p>\n\n\n\n<p><strong>Clube Ci\u00eancia Viva:<\/strong> <a href=\"https:\/\/aebriteiros.pt\/inicio\/wp-content\/uploads\/2025\/12\/PA__CP_CCV_25.26_AEBriteiros.pdf\" data-type=\"attachment\" data-id=\"1462\" target=\"_blank\" rel=\"noreferrer noopener\">Ver Plano de A\u00e7\u00e3o<\/a><\/p>\n\n\n\n<p><strong>Clube Europeu<\/strong>: <a href=\"https:\/\/aebriteiros.pt\/inicio\/wp-content\/uploads\/2025\/12\/PA_CP_ClubeEuropeu_25.26_AEBriteiros.pdf\" data-type=\"attachment\" data-id=\"1457\" target=\"_blank\" rel=\"noreferrer noopener\">Ver Plano de A\u00e7\u00e3o<\/a><\/p>\n\n\n\n<p><strong>Clube de Artes:<\/strong> <a href=\"https:\/\/aebriteiros.pt\/inicio\/wp-content\/uploads\/2025\/12\/PA_CP_Clube-de-Artes_25.26_AEBriteiros.pdf\" data-type=\"attachment\" data-id=\"1454\" target=\"_blank\" rel=\"noreferrer noopener\">Ver Plano de A\u00e7\u00e3o<\/a><\/p>\n\n\n\n<p><strong>Clube de Escrita Criativa e Ilustra\u00e7\u00e3o:<\/strong> <a href=\"https:\/\/aebriteiros.pt\/inicio\/wp-content\/uploads\/2025\/12\/PA_CPEscrita-Criativa-e-Ilustracao_25.26_AEBriteiros.pdf\" data-type=\"attachment\" data-id=\"1461\" target=\"_blank\" rel=\"noreferrer noopener\">Ver Plano de A\u00e7\u00e3o<\/a><\/p>\n\n\n\n<p><strong>Clube de Rob\u00f3tica &#8220;CeltaBots<\/strong>&#8220;: <a href=\"https:\/\/aebriteiros.pt\/inicio\/wp-content\/uploads\/2025\/12\/PA_CP_-Clube-de-Robotica-CeltaBots_25.26_AEBriteiros.pdf\" data-type=\"attachment\" data-id=\"1455\" target=\"_blank\" rel=\"noreferrer noopener\">Ver Plano de A\u00e7\u00e3o<\/a><\/p>\n\n\n\n<p><\/p>\n\n\n\n<p><\/p>\n","protected":false},"excerpt":{"rendered":"<p>Descobre os projetos e clubes dispon\u00edveis e junta-te a n\u00f3s nesta jornada de aprendizagem e crescimento!&nbsp;\ud83d\ude80\ud83c\udfad\ud83d\udd2c\ud83c\udfa4\ud83e\udd16<\/p>\n<p><a href=\"https:\/\/aebriteiros.pt\/inicio\/projetos\/\" class=\"more-link\">Continue a ler&#8230;<span class=\"screen-reader-text\">Clubes e Projetos<\/span><\/a><\/p>\n","protected":false},"author":1,"featured_media":0,"parent":0,"menu_order":0,"comment_status":"closed","ping_status":"closed","template":"","meta":{"footnotes":""},"class_list":["post-656","page","type-page","status-publish","hentry"],"_links":{"self":[{"href":"https:\/\/aebriteiros.pt\/inicio\/wp-json\/wp\/v2\/pages\/656","targetHints":{"allow":["GET"]}}],"collection":[{"href":"https:\/\/aebriteiros.pt\/inicio\/wp-json\/wp\/v2\/pages"}],"about":[{"href":"https:\/\/aebriteiros.pt\/inicio\/wp-json\/wp\/v2\/types\/page"}],"author":[{"embeddable":true,"href":"https:\/\/aebriteiros.pt\/inicio\/wp-json\/wp\/v2\/users\/1"}],"replies":[{"embeddable":true,"href":"https:\/\/aebriteiros.pt\/inicio\/wp-json\/wp\/v2\/comments?post=656"}],"version-history":[{"count":41,"href":"https:\/\/aebriteiros.pt\/inicio\/wp-json\/wp\/v2\/pages\/656\/revisions"}],"predecessor-version":[{"id":1466,"href":"https:\/\/aebriteiros.pt\/inicio\/wp-json\/wp\/v2\/pages\/656\/revisions\/1466"}],"wp:attachment":[{"href":"https:\/\/aebriteiros.pt\/inicio\/wp-json\/wp\/v2\/media?parent=656"}],"curies":[{"name":"wp","href":"https:\/\/api.w.org\/{rel}","templated":true}]}}