{"id":533,"date":"2024-11-19T11:01:23","date_gmt":"2024-11-19T11:01:23","guid":{"rendered":"https:\/\/aebriteiros.pt\/inicio\/?page_id=533"},"modified":"2026-03-09T10:28:19","modified_gmt":"2026-03-09T10:28:19","slug":"provas-de-avaliacao-externa","status":"publish","type":"page","link":"https:\/\/aebriteiros.pt\/inicio\/provas-de-avaliacao-externa\/","title":{"rendered":"Provas de Avalia\u00e7\u00e3o Externa | 2025\/2026"},"content":{"rendered":"\n<p class=\"has-yellow-background-color has-background\"><strong>Despacho Normativo n.\u00ba 3\/2026<\/strong><\/p>\n\n\n\n<p>O despacho Normativo n\u00ba3\/2026 aprova o <strong>Regulamento das Provas de Avalia\u00e7\u00e3o Externa e das Provas de Equival\u00eancia \u00e0 Frequ\u00eancia dos Ensinos B\u00e1sico e Secund\u00e1rio para os anos letivos de 2025-2026 a 2027-2028<\/strong> e revoga o Despacho Normativo n.\u00ba 2-A\/2025, de 3 de mar\u00e7o.<\/p>\n\n\n\n<div data-wp-interactive=\"core\/file\" class=\"wp-block-file\"><object data-wp-bind--hidden=\"!state.hasPdfPreview\" hidden class=\"wp-block-file__embed\" data=\"https:\/\/aebriteiros.pt\/inicio\/wp-content\/uploads\/2026\/03\/Despacho-Normativo-3_2026.pdf\" type=\"application\/pdf\" style=\"width:100%;height:600px\" aria-label=\"Incorpora\u00e7\u00e3o de Despacho Normativo 3_2026.\"><\/object><a id=\"wp-block-file--media-84a90145-e32d-4b4b-9f80-c095f840eadd\" href=\"https:\/\/aebriteiros.pt\/inicio\/wp-content\/uploads\/2026\/03\/Despacho-Normativo-3_2026.pdf\">Despacho Normativo 3_2026<\/a><a href=\"https:\/\/aebriteiros.pt\/inicio\/wp-content\/uploads\/2026\/03\/Despacho-Normativo-3_2026.pdf\" class=\"wp-block-file__button wp-element-button\" download aria-describedby=\"wp-block-file--media-84a90145-e32d-4b4b-9f80-c095f840eadd\">Descarregar<\/a><\/div>\n\n\n\n<p><\/p>\n\n\n\n<p class=\"has-yellow-background-color has-background\"><strong>Informa\u00e7\u00e3o-Prova Geral<\/strong><\/p>\n\n\n\n<p>O documento em anexo, divulga informa\u00e7\u00e3o relativa \u00e0s provas de avalia\u00e7\u00e3o externa das aprendizagens dos alunos dos ensinos b\u00e1sico e secund\u00e1rio, nomeadamente:<br>a) Provas de Monitoriza\u00e7\u00e3o da Aprendizagem (ModA), nos 4.o e 6.o anos de escolaridade;<br>b) Provas finais de ciclo do ensino b\u00e1sico, no 9.o ano de escolaridade;<br>c) Exames finais nacionais do ensino secund\u00e1rio.<\/p>\n\n\n\n<div data-wp-interactive=\"core\/file\" class=\"wp-block-file\"><object data-wp-bind--hidden=\"!state.hasPdfPreview\" hidden class=\"wp-block-file__embed\" data=\"https:\/\/aebriteiros.pt\/inicio\/wp-content\/uploads\/2025\/12\/IP-Geral-2026_29nov.pdf\" type=\"application\/pdf\" style=\"width:100%;height:600px\" aria-label=\"Incorpora\u00e7\u00e3o de IP-Geral-2026_29nov.\"><\/object><a id=\"wp-block-file--media-64c36e60-9f88-4aee-8851-1304dfc2aeb5\" href=\"https:\/\/aebriteiros.pt\/inicio\/wp-content\/uploads\/2025\/12\/IP-Geral-2026_29nov.pdf\">IP-Geral-2026_29nov<\/a><a href=\"https:\/\/aebriteiros.pt\/inicio\/wp-content\/uploads\/2025\/12\/IP-Geral-2026_29nov.pdf\" class=\"wp-block-file__button wp-element-button\" download aria-describedby=\"wp-block-file--media-64c36e60-9f88-4aee-8851-1304dfc2aeb5\">Descarregar<\/a><\/div>\n\n\n\n<p class=\"has-yellow-background-color has-background\"><strong>Calendariza\u00e7\u00e3o<\/strong><\/p>\n\n\n\n<div data-wp-interactive=\"core\/file\" class=\"wp-block-file\"><object data-wp-bind--hidden=\"!state.hasPdfPreview\" hidden class=\"wp-block-file__embed\" data=\"https:\/\/aebriteiros.pt\/inicio\/wp-content\/uploads\/2025\/12\/Despacho14616_A_2025_Calendarizacao-Avaliacao-Externa.pdf\" type=\"application\/pdf\" style=\"width:100%;height:600px\" aria-label=\"Incorpora\u00e7\u00e3o de Despacho14616_A_2025_Calendarizacao Avaliacao Externa.\"><\/object><a id=\"wp-block-file--media-bebe98fa-6ab2-4699-9619-7a71ef44a104\" href=\"https:\/\/aebriteiros.pt\/inicio\/wp-content\/uploads\/2025\/12\/Despacho14616_A_2025_Calendarizacao-Avaliacao-Externa.pdf\">Despacho14616_A_2025_Calendarizacao Avaliacao Externa<\/a><a href=\"https:\/\/aebriteiros.pt\/inicio\/wp-content\/uploads\/2025\/12\/Despacho14616_A_2025_Calendarizacao-Avaliacao-Externa.pdf\" class=\"wp-block-file__button wp-element-button\" download aria-describedby=\"wp-block-file--media-bebe98fa-6ab2-4699-9619-7a71ef44a104\">Descarregar<\/a><\/div>\n\n\n\n<figure class=\"wp-block-embed is-type-wp-embed is-provider-iave wp-block-embed-iave\"><div class=\"wp-block-embed__wrapper\">\n<blockquote class=\"wp-embedded-content\" data-secret=\"q8GWnO9vyW\"><a href=\"https:\/\/iave.pt\/provas-e-exames\/calendario\/\">Calend\u00e1rio<\/a><\/blockquote><iframe class=\"wp-embedded-content\" sandbox=\"allow-scripts\" security=\"restricted\" style=\"position: absolute; visibility: hidden;\" title=\"&#8220;Calend\u00e1rio&#8221; &#8212; IAVE\" src=\"https:\/\/iave.pt\/provas-e-exames\/calendario\/embed\/#?secret=q8GWnO9vyW\" data-secret=\"q8GWnO9vyW\" width=\"600\" height=\"338\" frameborder=\"0\" marginwidth=\"0\" marginheight=\"0\" scrolling=\"no\"><\/iframe>\n<\/div><\/figure>\n\n\n\n<p class=\"has-yellow-background-color has-background\"><strong>Provas Finais do Ensino B\u00e1sico no 9\u00ba ano de escolaridade<\/strong><\/p>\n\n\n\n<div class=\"wp-block-group\"><div class=\"wp-block-group__inner-container is-layout-constrained wp-block-group-is-layout-constrained\">\n<div class=\"wp-block-columns is-layout-flex wp-container-core-columns-is-layout-9d6595d7 wp-block-columns-is-layout-flex\">\n<div class=\"wp-block-column is-layout-flow wp-block-column-is-layout-flow\" style=\"flex-basis:100%\">\n<figure class=\"wp-block-table is-style-stripes\"><table class=\"has-fixed-layout\"><tbody><tr><td class=\"has-text-align-center\" data-align=\"center\"><strong>Informa\u00e7\u00e3o de Prova<\/strong><\/td><td class=\"has-text-align-center\" data-align=\"center\"><strong>Instru\u00e7\u00f5es de Realiza\u00e7\u00e3o de Prova<\/strong><\/td><\/tr><tr><td class=\"has-text-align-center\" data-align=\"center\"><a href=\"https:\/\/iave.pt\/wp-content\/uploads\/2025\/11\/IP-PF-EX-PLNM93-94-2026-1.pdf\" data-type=\"link\" data-id=\"https:\/\/iave.pt\/wp-content\/uploads\/2025\/11\/IP-PF-EX-PLNM93-94-2026-1.pdf\" target=\"_blank\" rel=\"noreferrer noopener\">Portugu\u00eas L\u00edngua N\u00e3o Materna | Provas 93 (A2) e 94 (B1)<\/a><\/td><td class=\"has-text-align-center\" data-align=\"center\">Portugu\u00eas L\u00edngua N\u00e3o Materna | Prova 93 (A2)<br><a href=\"https:\/\/aebriteiros.pt\/inicio\/wp-content\/uploads\/2024\/11\/IP-PF-EX-PLNM93-94-2025.pdf\" data-type=\"link\" data-id=\"https:\/\/aebriteiros.pt\/inicio\/wp-content\/uploads\/2024\/11\/IP-PF-EX-PLNM93-94-2025.pdf\"><\/a>Portugu\u00eas L\u00edngua N\u00e3o Materna | Prova 94 (B1)<\/td><\/tr><tr><td class=\"has-text-align-center\" data-align=\"center\"><a href=\"https:\/\/iave.pt\/wp-content\/uploads\/2025\/11\/IP-PF-Port91-2026.pdf\" data-type=\"link\" data-id=\"https:\/\/iave.pt\/wp-content\/uploads\/2025\/11\/IP-PF-Port91-2026.pdf\" target=\"_blank\" rel=\"noreferrer noopener\">Portugu\u00eas | Prova 91<\/a><\/td><td class=\"has-text-align-center\" data-align=\"center\">Portugu\u00eas | Prova 91<\/td><\/tr><tr><td class=\"has-text-align-center\" data-align=\"center\"><a href=\"https:\/\/iave.pt\/wp-content\/uploads\/2025\/11\/IP-PF-Mat92-2026-1.pdf\" data-type=\"link\" data-id=\"https:\/\/iave.pt\/wp-content\/uploads\/2025\/11\/IP-PF-Mat92-2026-1.pdf\" target=\"_blank\" rel=\"noreferrer noopener\">Matem\u00e1tica | Prova 92<\/a><\/td><td class=\"has-text-align-center\" data-align=\"center\">Matem\u00e1tica | Prova 92<\/td><\/tr><\/tbody><\/table><\/figure>\n<\/div>\n<\/div>\n<\/div><\/div>\n\n\n\n<figure class=\"wp-block-image size-large\"><img fetchpriority=\"high\" decoding=\"async\" width=\"1285\" height=\"617\" src=\"https:\/\/aebriteiros.pt\/inicio\/wp-content\/uploads\/2025\/12\/2-1024x492.png\" alt=\"\" class=\"wp-image-1403\" srcset=\"https:\/\/aebriteiros.pt\/inicio\/wp-content\/uploads\/2025\/12\/2-1024x492.png 1024w, https:\/\/aebriteiros.pt\/inicio\/wp-content\/uploads\/2025\/12\/2-300x144.png 300w, https:\/\/aebriteiros.pt\/inicio\/wp-content\/uploads\/2025\/12\/2-768x369.png 768w, https:\/\/aebriteiros.pt\/inicio\/wp-content\/uploads\/2025\/12\/2.png 1285w\" sizes=\"(max-width: 1285px) 100vw, 1285px\" \/><\/figure>\n\n\n\n<figure class=\"wp-block-image size-large\"><img decoding=\"async\" width=\"1024\" height=\"406\" src=\"https:\/\/aebriteiros.pt\/inicio\/wp-content\/uploads\/2025\/12\/3-1024x406.png\" alt=\"\" class=\"wp-image-1404\" srcset=\"https:\/\/aebriteiros.pt\/inicio\/wp-content\/uploads\/2025\/12\/3-1024x406.png 1024w, https:\/\/aebriteiros.pt\/inicio\/wp-content\/uploads\/2025\/12\/3-300x119.png 300w, https:\/\/aebriteiros.pt\/inicio\/wp-content\/uploads\/2025\/12\/3-768x304.png 768w, https:\/\/aebriteiros.pt\/inicio\/wp-content\/uploads\/2025\/12\/3.png 1265w\" sizes=\"(max-width: 1024px) 100vw, 1024px\" \/><\/figure>\n\n\n\n<p class=\"has-yellow-background-color has-background\"><strong>Provas de Monitoriza\u00e7\u00e3o da Aprendizagem (ModA) &#8211; 4\u00ba e 6\u00ba anos de escolaridade<\/strong><\/p>\n\n\n\n<figure class=\"wp-block-table is-style-stripes\"><table class=\"has-fixed-layout\"><thead><tr><th class=\"has-text-align-center\" data-align=\"center\">Informa\u00e7\u00e3o de Prova  &#8211; <strong>4\u00ba ano<\/strong><\/th><th class=\"has-text-align-center\" data-align=\"center\">Informa\u00e7\u00e3o de Prova &#8211; <strong>6\u00ba ano<\/strong><\/th><\/tr><\/thead><tbody><tr><td class=\"has-text-align-center\" data-align=\"center\"><a href=\"https:\/\/iave.pt\/wp-content\/uploads\/2025\/11\/IP-ModA-EA47-2026-1.pdf\" data-type=\"link\" data-id=\"https:\/\/iave.pt\/wp-content\/uploads\/2025\/11\/IP-ModA-EA47-2026-1.pdf\" target=\"_blank\" rel=\"noreferrer noopener\">Educa\u00e7\u00e3o Art\u00edstica | Prova47<\/a><\/td><td class=\"has-text-align-center\" data-align=\"center\"><a href=\"https:\/\/iave.pt\/wp-content\/uploads\/2025\/11\/IP-ModA-Ing65-2026-1.pdf\" data-type=\"link\" data-id=\"https:\/\/iave.pt\/wp-content\/uploads\/2025\/11\/IP-ModA-Ing65-2026-1.pdf\" target=\"_blank\" rel=\"noreferrer noopener\">Ingl\u00eas | Prova 65<\/a><\/td><\/tr><tr><td class=\"has-text-align-center\" data-align=\"center\"><a href=\"https:\/\/iave.pt\/wp-content\/uploads\/2025\/11\/IP-ModA-Mat42-2026-1.pdf\" data-type=\"link\" data-id=\"https:\/\/aebriteiros.pt\/inicio\/wp-content\/uploads\/2024\/11\/IP-PF-Port91-2025.pdf\" target=\"_blank\" rel=\"noreferrer noopener\">Matem\u00e1tica | Prova 42<\/a><\/td><td class=\"has-text-align-center\" data-align=\"center\"><a href=\"https:\/\/aebriteiros.pt\/inicio\/wp-content\/uploads\/2025\/03\/IP-ModA-Mat68-2025.pdf\" data-type=\"link\" data-id=\"https:\/\/aebriteiros.pt\/inicio\/wp-content\/uploads\/2024\/11\/IP-PF-Port91-2025.pdf\" target=\"_blank\" rel=\"noreferrer noopener\"><\/a><a href=\"https:\/\/aebriteiros.pt\/inicio\/wp-content\/uploads\/2025\/03\/IP-ModA-HGP67-2025-1.pdf\" data-type=\"link\" data-id=\"https:\/\/aebriteiros.pt\/inicio\/wp-content\/uploads\/2024\/11\/IP-PF-Port91-2025.pdf\" target=\"_blank\" rel=\"noreferrer noopener\">Matem\u00e1tica | Prova 68<\/a><\/td><\/tr><tr><td class=\"has-text-align-center\" data-align=\"center\"><a href=\"https:\/\/iave.pt\/wp-content\/uploads\/2025\/11\/IP-ModA-Port41-2026-1.pdf\" data-type=\"link\" data-id=\"https:\/\/aebriteiros.pt\/inicio\/wp-content\/uploads\/2024\/11\/IP-PF-Port91-2025.pdf\" target=\"_blank\" rel=\"noreferrer noopener\">Portugu\u00eas | Prova 41<\/a><\/td><td class=\"has-text-align-center\" data-align=\"center\"><a href=\"https:\/\/iave.pt\/wp-content\/uploads\/2025\/11\/IP-ModA-Port61-2026-1.pdf\" data-type=\"link\" data-id=\"https:\/\/aebriteiros.pt\/inicio\/wp-content\/uploads\/2024\/11\/IP-PF-Port91-2025.pdf\" target=\"_blank\" rel=\"noreferrer noopener\">Portugu\u00eas | Prova 61<\/a><\/td><\/tr><tr><td class=\"has-text-align-center\" data-align=\"center\"><a href=\"https:\/\/iave.pt\/wp-content\/uploads\/2025\/11\/IP-ModA-PLNM43-2026-1.pdf\" data-type=\"link\" data-id=\"https:\/\/aebriteiros.pt\/inicio\/wp-content\/uploads\/2024\/11\/IP-PF-Port91-2025.pdf\" target=\"_blank\" rel=\"noreferrer noopener\">Portugu\u00eas LNM (n\u00edvel A2)| Prova 43<\/a><br><a href=\"https:\/\/iave.pt\/wp-content\/uploads\/2025\/11\/IP-ModA-PLNM46-2026-1.pdf\" data-type=\"link\" data-id=\"https:\/\/aebriteiros.pt\/inicio\/wp-content\/uploads\/2024\/11\/IP-PF-Port91-2025.pdf\" target=\"_blank\" rel=\"noreferrer noopener\">Portugu\u00eas LNM (n\u00edvel B1)| Prova 46<\/a><\/td><td class=\"has-text-align-center\" data-align=\"center\"><a href=\"https:\/\/iave.pt\/wp-content\/uploads\/2025\/11\/IP-ModA-PLNM63-2026-1.pdf\" data-type=\"link\" data-id=\"https:\/\/aebriteiros.pt\/inicio\/wp-content\/uploads\/2024\/11\/IP-PF-Port91-2025.pdf\" target=\"_blank\" rel=\"noreferrer noopener\">Portugu\u00eas LNM (n\u00edvel A2) | Prova 63<\/a><br><a href=\"hhttps:\/\/iave.pt\/wp-content\/uploads\/2025\/11\/IP-ModA-PLNM64-2026-1.pdf\" data-type=\"link\" data-id=\"https:\/\/aebriteiros.pt\/inicio\/wp-content\/uploads\/2024\/11\/IP-PF-Port91-2025.pdf\" target=\"_blank\" rel=\"noreferrer noopener\">Portugu\u00eas LNM (n\u00edvel B1) | Prova 64<\/a><\/td><\/tr><tr><td class=\"has-text-align-center\" data-align=\"center\"><a href=\"https:\/\/aebriteiros.pt\/inicio\/wp-content\/uploads\/2025\/03\/IP-ModA-PLS44-2025.pdf\" data-type=\"link\" data-id=\"https:\/\/aebriteiros.pt\/inicio\/wp-content\/uploads\/2024\/11\/IP-PF-Port91-2025.pdf\" target=\"_blank\" rel=\"noreferrer noopener\"> <\/a><a href=\"https:\/\/iave.pt\/wp-content\/uploads\/2025\/11\/IP-ModA-PLS44-2026-1.pdf\" data-type=\"link\" data-id=\"https:\/\/aebriteiros.pt\/inicio\/wp-content\/uploads\/2024\/11\/IP-PF-Port91-2025.pdf\" target=\"_blank\" rel=\"noreferrer noopener\">Portugu\u00eas LS | Prova 44<\/a><\/td><td class=\"has-text-align-center\" data-align=\"center\"><a href=\"https:\/\/iave.pt\/wp-content\/uploads\/2025\/11\/IP-ModA-PLS62-2026-1.pdf\" data-type=\"link\" data-id=\"https:\/\/aebriteiros.pt\/inicio\/wp-content\/uploads\/2024\/11\/IP-PF-Port91-2025.pdf\" target=\"_blank\" rel=\"noreferrer noopener\">Portugu\u00eas LS | Prova 62<\/a><\/td><\/tr><\/tbody><\/table><\/figure>\n\n\n\n<figure class=\"wp-block-image size-large\"><img decoding=\"async\" width=\"1024\" height=\"356\" src=\"https:\/\/aebriteiros.pt\/inicio\/wp-content\/uploads\/2025\/12\/1-1024x356.png\" alt=\"\" class=\"wp-image-1401\" srcset=\"https:\/\/aebriteiros.pt\/inicio\/wp-content\/uploads\/2025\/12\/1-1024x356.png 1024w, https:\/\/aebriteiros.pt\/inicio\/wp-content\/uploads\/2025\/12\/1-300x104.png 300w, https:\/\/aebriteiros.pt\/inicio\/wp-content\/uploads\/2025\/12\/1-768x267.png 768w, https:\/\/aebriteiros.pt\/inicio\/wp-content\/uploads\/2025\/12\/1.png 1276w\" sizes=\"(max-width: 1024px) 100vw, 1024px\" \/><\/figure>\n\n\n\n<p class=\"has-yellow-background-color has-background\"><strong>Provas de Ensaio ModA<\/strong> &#8211;<strong> 2026 <\/strong> <\/p>\n\n\n\n<div data-wp-interactive=\"core\/file\" class=\"wp-block-file\"><object data-wp-bind--hidden=\"!state.hasPdfPreview\" hidden class=\"wp-block-file__embed\" data=\"https:\/\/aebriteiros.pt\/inicio\/wp-content\/uploads\/2026\/02\/Provas-Ensaio-2026_Comunicacao-as-escolas_Final-2.pdf\" type=\"application\/pdf\" style=\"width:100%;height:600px\" aria-label=\"Incorpora\u00e7\u00e3o de Provas-Ensaio-2026_Comunicacao-as-escolas_Final (2).\"><\/object><a id=\"wp-block-file--media-7c1185a1-7195-499e-8a62-f7b800b1397c\" href=\"https:\/\/aebriteiros.pt\/inicio\/wp-content\/uploads\/2026\/02\/Provas-Ensaio-2026_Comunicacao-as-escolas_Final-2.pdf\">Provas-Ensaio-2026_Comunicacao-as-escolas_Final (2)<\/a><a href=\"https:\/\/aebriteiros.pt\/inicio\/wp-content\/uploads\/2026\/02\/Provas-Ensaio-2026_Comunicacao-as-escolas_Final-2.pdf\" class=\"wp-block-file__button wp-element-button\" download aria-describedby=\"wp-block-file--media-7c1185a1-7195-499e-8a62-f7b800b1397c\">Descarregar<\/a><\/div>\n\n\n\n<p><\/p>\n\n\n\n<p><strong><mark style=\"background-color:rgba(0, 0, 0, 0)\" class=\"has-inline-color has-red-color\">ATEN\u00c7\u00c3O!<\/mark><\/strong> <strong><mark style=\"background-color:#db4f3d\" class=\"has-inline-color\">Recalendariza\u00e7\u00e3o das provas ensaio<\/mark><\/strong><\/p>\n\n\n\n<div data-wp-interactive=\"core\/file\" class=\"wp-block-file\"><object data-wp-bind--hidden=\"!state.hasPdfPreview\" hidden class=\"wp-block-file__embed\" data=\"https:\/\/aebriteiros.pt\/inicio\/wp-content\/uploads\/2026\/02\/MECI_-recalendarizacao-das-provas-ensaio-2025-2026_-1.pdf\" type=\"application\/pdf\" style=\"width:100%;height:600px\" aria-label=\"Incorpora\u00e7\u00e3o de MECI_ recalendariza\u00e7\u00e3o das provas ensaio 2025-2026_.\"><\/object><a id=\"wp-block-file--media-a6d68436-03ee-4535-991b-81ab150791f7\" href=\"https:\/\/aebriteiros.pt\/inicio\/wp-content\/uploads\/2026\/02\/MECI_-recalendarizacao-das-provas-ensaio-2025-2026_-1.pdf\">MECI_ recalendariza\u00e7\u00e3o das provas ensaio 2025-2026_<\/a><a href=\"https:\/\/aebriteiros.pt\/inicio\/wp-content\/uploads\/2026\/02\/MECI_-recalendarizacao-das-provas-ensaio-2025-2026_-1.pdf\" class=\"wp-block-file__button wp-element-button\" download aria-describedby=\"wp-block-file--media-a6d68436-03ee-4535-991b-81ab150791f7\">DescarregaR<\/a><\/div>\n\n\n\n<p><\/p>\n\n\n\n<p class=\"has-yellow-background-color has-background\"><strong>Calend\u00e1rio das Provas de Equival\u00eancia \u00e0 Frequ\u00eancia<\/strong><\/p>\n\n\n\n<figure class=\"wp-block-image size-full\"><img loading=\"lazy\" decoding=\"async\" width=\"813\" height=\"428\" src=\"https:\/\/aebriteiros.pt\/inicio\/wp-content\/uploads\/2025\/12\/4.png\" alt=\"\" class=\"wp-image-1411\" srcset=\"https:\/\/aebriteiros.pt\/inicio\/wp-content\/uploads\/2025\/12\/4.png 813w, https:\/\/aebriteiros.pt\/inicio\/wp-content\/uploads\/2025\/12\/4-300x158.png 300w, https:\/\/aebriteiros.pt\/inicio\/wp-content\/uploads\/2025\/12\/4-768x404.png 768w\" sizes=\"(max-width: 813px) 100vw, 813px\" \/><\/figure>\n\n\n\n<p class=\"has-yellow-background-color has-background\" id=\"block-d117848c-f6ca-4e94-8e58-7c3c1398dc4a\"><strong>Informa\u00e7\u00f5es de Prova de Equival\u00eancia \u00e0 Frequ\u00eancia<\/strong><\/p>\n\n\n\n<p id=\"block-0396082a-b71f-412d-bdd3-a241574b475a\"><strong>1\u00ba Ciclo<\/strong><\/p>\n\n\n\n<figure class=\"wp-block-table\"><table class=\"has-fixed-layout\"><tbody><tr><td class=\"has-text-align-left\" data-align=\"left\">22 &#8211; Estudo do Meio<\/td><td class=\"has-text-align-left\" data-align=\"left\">45 &#8211; Ingl\u00eas<\/td><\/tr><tr><td class=\"has-text-align-left\" data-align=\"left\">41 &#8211; Portugu\u00eas<\/td><td class=\"has-text-align-left\" data-align=\"left\">46 &#8211; Educa\u00e7\u00e3o Art\u00edstica<\/td><\/tr><tr><td class=\"has-text-align-left\" data-align=\"left\">42 &#8211; Matem\u00e1tica<\/td><td class=\"has-text-align-left\" data-align=\"left\">47- Educa\u00e7\u00e3o F\u00edsica<\/td><\/tr><tr><td class=\"has-text-align-left\" data-align=\"left\">43 &#8211; Portugu\u00eas L\u00edngua N\u00e3o Materna A2<\/td><td class=\"has-text-align-left\" data-align=\"left\">48 &#8211; Cidadania e Desenvolvimento<\/td><\/tr><tr><td class=\"has-text-align-left\" data-align=\"left\">44 &#8211; Portugu\u00eas L\u00edngua N\u00e3o Materna B2<\/td><td class=\"has-text-align-left\" data-align=\"left\">\ufeff<\/td><\/tr><\/tbody><\/table><\/figure>\n\n\n\n<p id=\"block-3e8f0407-6bae-4367-a1de-5e5bee6d60f1\"><strong>2\u00ba Ciclo<\/strong><\/p>\n\n\n\n<figure class=\"wp-block-table\"><table class=\"has-fixed-layout\"><tbody><tr><td class=\"has-text-align-left\" data-align=\"left\">02 &#8211; Ci\u00eancias Naturais<\/td><td class=\"has-text-align-left\" data-align=\"left\">61 &#8211; Portugu\u00eas (Escrita)<\/td><\/tr><tr><td class=\"has-text-align-left\" data-align=\"left\">03 &#8211; Educa\u00e7\u00e3o Visual<\/td><td class=\"has-text-align-left\" data-align=\"left\">61 &#8211; Portugu\u00eas (Oral)<\/td><\/tr><tr><td class=\"has-text-align-left\" data-align=\"left\">05 &#8211; Hist\u00f3ria e Geografia de Portugal<\/td><td class=\"has-text-align-left\" data-align=\"left\">62 &#8211; Matem\u00e1tica<\/td><\/tr><tr><td class=\"has-text-align-left\" data-align=\"left\">06 &#8211; Ingl\u00eas<\/td><td class=\"has-text-align-left\" data-align=\"left\">63, 64 &#8211; Portugu\u00eas L\u00edngua N\u00e3o Materna (Escrita e Oral)<\/td><\/tr><tr><td class=\"has-text-align-left\" data-align=\"left\">07 &#8211; Educa\u00e7\u00e3o Tecnol\u00f3gica<\/td><td class=\"has-text-align-left\" data-align=\"left\">65 &#8211; Cidadania e Desenvolvimento<\/td><\/tr><tr><td class=\"has-text-align-left\" data-align=\"left\">12 &#8211; Educa\u00e7\u00e3o Musical<\/td><td class=\"has-text-align-left\" data-align=\"left\">66 &#8211; Tecnologias de Informa\u00e7\u00e3o e Comunica\u00e7\u00e3o<\/td><\/tr><tr><td class=\"has-text-align-left\" data-align=\"left\">28 &#8211; Educa\u00e7\u00e3o F\u00edsica<\/td><td class=\"has-text-align-left\" data-align=\"left\">\ufeff<\/td><\/tr><\/tbody><\/table><\/figure>\n\n\n\n<p id=\"block-a308a66f-7a3e-4861-a74c-b47dfcee9152\"><strong>3\u00ba Ciclo<\/strong><\/p>\n\n\n\n<figure class=\"wp-block-table\"><table class=\"has-fixed-layout\"><tbody><tr><td class=\"has-text-align-left\" data-align=\"left\">10 &#8211; Ci\u00eancias Naturais<\/td><td class=\"has-text-align-left\" data-align=\"left\">19 &#8211; Hist\u00f3ria<\/td><\/tr><tr><td class=\"has-text-align-left\" data-align=\"left\">11 &#8211; Fisic\u00f3-Qu\u00edmica<\/td><td class=\"has-text-align-left\" data-align=\"left\">21 &#8211; Ingl\u00eas<\/td><\/tr><tr><td class=\"has-text-align-left\" data-align=\"left\">14 &#8211; Educa\u00e7\u00e3o Visual<\/td><td class=\"has-text-align-left\" data-align=\"left\">24 &#8211; Tecnologias de Informa\u00e7\u00e3o e Comunica\u00e7\u00e3o<\/td><\/tr><tr><td class=\"has-text-align-left\" data-align=\"left\">16 &#8211; Franc\u00eas (Oral)<\/td><td class=\"has-text-align-left\" data-align=\"left\">26 &#8211; Educa\u00e7\u00e3o F\u00edsica<\/td><\/tr><tr><td class=\"has-text-align-left\" data-align=\"left\">16 &#8211; Franc\u00eas (Escrita)<\/td><td class=\"has-text-align-left\" data-align=\"left\">96 &#8211; Cidadania e Desenvolvimento<\/td><\/tr><tr><td class=\"has-text-align-left\" data-align=\"left\">18 &#8211; Geografia<\/td><td class=\"has-text-align-left\" data-align=\"left\">97 &#8211; Complemento \u00e0 Educa\u00e7\u00e3o Art\u00edstica<\/td><\/tr><\/tbody><\/table><\/figure>\n\n\n\n<p class=\"has-yellow-background-color has-background\" id=\"block-199caa3d-8017-4940-a618-e1f18c70cdb4\"><strong>Informa\u00e7\u00f5es de Prova a N\u00edvel de Escola<\/strong><\/p>\n\n\n\n<figure class=\"wp-block-table\"><table class=\"has-fixed-layout\"><tbody><tr><td class=\"has-text-align-left\" data-align=\"left\">81 &#8211; Portugu\u00eas<\/td><td class=\"has-text-align-left\" data-align=\"left\">82 &#8211; Matem\u00e1tica<\/td><\/tr><\/tbody><\/table><\/figure>\n\n\n\n<p class=\"has-yellow-background-color has-background\"><strong>Outras informa\u00e7\u00f5es sobre provas<\/strong><\/p>\n\n\n\n<p>Recomenda-se ainda a leitura das informa\u00e7\u00f5es disponibilizadas pelo IAVE:<\/p>\n\n\n\n<p>PROVAS E EXAMES &#8211;&nbsp;<strong>Perguntas Frequentes &#8211;&nbsp;<\/strong><a href=\"https:\/\/iave.pt\/provas-e-exames\/perguntas-frequentes\/\"><strong>https:\/\/iave.pt\/provas-e-exames\/perguntas-frequentes\/<\/strong><\/a><strong><\/strong><\/p>\n\n\n\n<p>PROVAS E EXAMES \u2013&nbsp;<strong>Arquivo &#8211;&nbsp;<\/strong><a href=\"https:\/\/iave.pt\/provas-e-exames\/arquivo\/\"><strong>https:\/\/iave.pt\/provas-e-exames\/arquivo\/<\/strong><\/a><strong><\/strong><\/p>\n\n\n\n<p class=\"has-yellow-background-color has-background\"><strong>Escola digital &#8211; conectividade<\/strong><\/p>\n\n\n\n<p><strong>Nos dias&nbsp;de&nbsp;realiza\u00e7\u00e3o das provas, os alunos dever\u00e3o fazer-se acompanhar do <em>hotspo<\/em>t que lhes foi atribu\u00eddo.<\/strong><\/p>\n\n\n\n<figure class=\"wp-block-image size-large\"><img loading=\"lazy\" decoding=\"async\" width=\"1024\" height=\"724\" src=\"https:\/\/aebriteiros.pt\/inicio\/wp-content\/uploads\/2025\/05\/FolhetoInformativoConetividade_page-0001-1024x724.jpg\" alt=\"\" class=\"wp-image-958\" srcset=\"https:\/\/aebriteiros.pt\/inicio\/wp-content\/uploads\/2025\/05\/FolhetoInformativoConetividade_page-0001-1024x724.jpg 1024w, https:\/\/aebriteiros.pt\/inicio\/wp-content\/uploads\/2025\/05\/FolhetoInformativoConetividade_page-0001-300x212.jpg 300w, https:\/\/aebriteiros.pt\/inicio\/wp-content\/uploads\/2025\/05\/FolhetoInformativoConetividade_page-0001-768x543.jpg 768w, https:\/\/aebriteiros.pt\/inicio\/wp-content\/uploads\/2025\/05\/FolhetoInformativoConetividade_page-0001-1536x1086.jpg 1536w, https:\/\/aebriteiros.pt\/inicio\/wp-content\/uploads\/2025\/05\/FolhetoInformativoConetividade_page-0001-2048x1448.jpg 2048w\" sizes=\"(max-width: 1024px) 100vw, 1024px\" \/><\/figure>\n","protected":false},"excerpt":{"rendered":"<p>Despacho Normativo n.\u00ba 3\/2026 O despacho Normativo n\u00ba3\/2026 aprova o Regulamento das Provas de Avalia\u00e7\u00e3o Externa<\/p>\n<p><a href=\"https:\/\/aebriteiros.pt\/inicio\/provas-de-avaliacao-externa\/\" class=\"more-link\">Continue a ler&#8230;<span class=\"screen-reader-text\">Provas de Avalia\u00e7\u00e3o Externa | 2025\/2026<\/span><\/a><\/p>\n","protected":false},"author":1,"featured_media":0,"parent":0,"menu_order":0,"comment_status":"closed","ping_status":"closed","template":"","meta":{"footnotes":""},"class_list":["post-533","page","type-page","status-publish","hentry"],"_links":{"self":[{"href":"https:\/\/aebriteiros.pt\/inicio\/wp-json\/wp\/v2\/pages\/533","targetHints":{"allow":["GET"]}}],"collection":[{"href":"https:\/\/aebriteiros.pt\/inicio\/wp-json\/wp\/v2\/pages"}],"about":[{"href":"https:\/\/aebriteiros.pt\/inicio\/wp-json\/wp\/v2\/types\/page"}],"author":[{"embeddable":true,"href":"https:\/\/aebriteiros.pt\/inicio\/wp-json\/wp\/v2\/users\/1"}],"replies":[{"embeddable":true,"href":"https:\/\/aebriteiros.pt\/inicio\/wp-json\/wp\/v2\/comments?post=533"}],"version-history":[{"count":58,"href":"https:\/\/aebriteiros.pt\/inicio\/wp-json\/wp\/v2\/pages\/533\/revisions"}],"predecessor-version":[{"id":1813,"href":"https:\/\/aebriteiros.pt\/inicio\/wp-json\/wp\/v2\/pages\/533\/revisions\/1813"}],"wp:attachment":[{"href":"https:\/\/aebriteiros.pt\/inicio\/wp-json\/wp\/v2\/media?parent=533"}],"curies":[{"name":"wp","href":"https:\/\/api.w.org\/{rel}","templated":true}]}}