{"id":418,"date":"2024-09-17T09:51:05","date_gmt":"2024-09-17T09:51:05","guid":{"rendered":"https:\/\/aebriteiros.pt\/inicio\/?page_id=418"},"modified":"2025-12-31T15:55:50","modified_gmt":"2025-12-31T15:55:50","slug":"horarios","status":"publish","type":"page","link":"https:\/\/aebriteiros.pt\/inicio\/horarios\/","title":{"rendered":"Hor\u00e1rios"},"content":{"rendered":"<h2><span style=\"color: #da291c;\">Educa\u00e7\u00e3o Pr\u00e9-escolar<\/span><\/h2>\n\n\n<figure class=\"wp-block-table is-style-stripes\"><table class=\"has-fixed-layout\"><tbody><tr><td><a href=\"https:\/\/aebriteiros.pt\/inicio\/wp-content\/uploads\/2025\/12\/BARJ1.pdf\" data-type=\"attachment\" data-id=\"1507\" target=\"_blank\" rel=\"noreferrer noopener\">BARJ1<\/a><\/td><td><a href=\"https:\/\/aebriteiros.pt\/inicio\/wp-content\/uploads\/2025\/12\/FAFJ1.pdf\" data-type=\"attachment\" data-id=\"1511\" target=\"_blank\" rel=\"noreferrer noopener\">FAFJ1<\/a><\/td><td><a href=\"https:\/\/aebriteiros.pt\/inicio\/wp-content\/uploads\/2025\/12\/SERJ1.pdf\" data-type=\"attachment\" data-id=\"1515\" target=\"_blank\" rel=\"noreferrer noopener\">SERJ1<\/a><\/td><\/tr><tr><td><a href=\"https:\/\/aebriteiros.pt\/inicio\/wp-content\/uploads\/2025\/12\/BARJ2.pdf\" data-type=\"attachment\" data-id=\"1508\" target=\"_blank\" rel=\"noreferrer noopener\">BARJ2<\/a><\/td><td><a style=\"white-space: normal;\" href=\"https:\/\/aebriteiros.pt\/inicio\/wp-content\/uploads\/2025\/12\/BARJ1.pdf\" data-type=\"attachment\" data-id=\"1507\" target=\"_blank\" rel=\"noreferrer noopener\">BARJ1<\/a><\/td><td><a href=\"https:\/\/aebriteiros.pt\/inicio\/wp-content\/uploads\/2025\/12\/STMJ1.pdf\" data-type=\"attachment\" data-id=\"1516\" target=\"_blank\" rel=\"noreferrer noopener\">STMJ1<\/a><\/td><\/tr><tr><td><a href=\"https:\/\/aebriteiros.pt\/inicio\/wp-content\/uploads\/2025\/12\/DONJ1.pdf\" data-type=\"attachment\" data-id=\"1509\" target=\"_blank\" rel=\"noreferrer noopener\">DONJ1<\/a><\/td><td><a href=\"https:\/\/aebriteiros.pt\/inicio\/wp-content\/uploads\/2025\/12\/IGRJ1.pdf\" data-type=\"attachment\" data-id=\"1513\" target=\"_blank\" rel=\"noreferrer noopener\">IGRJ1<\/a><\/td><td><\/td><\/tr><tr><td><a href=\"https:\/\/aebriteiros.pt\/inicio\/wp-content\/uploads\/2025\/12\/DONJ2.pdf\" data-type=\"attachment\" data-id=\"1510\" target=\"_blank\" rel=\"noreferrer noopener\">DONJ2<\/a><\/td><td><a href=\"https:\/\/aebriteiros.pt\/inicio\/wp-content\/uploads\/2025\/12\/IGRJ2.pdf\" data-type=\"attachment\" data-id=\"1514\" target=\"_blank\" rel=\"noreferrer noopener\">IGRJ2<\/a><\/td><td><\/td><\/tr><\/tbody><\/table><\/figure>\n\n\n<h2><span style=\"color: #da291c;\">1\u00ba Ciclo<\/span><\/h2>\n\n\n<figure class=\"wp-block-table is-style-stripes\"><table class=\"has-fixed-layout\"><tbody><tr><td><a href=\"https:\/\/aebriteiros.pt\/inicio\/wp-content\/uploads\/2025\/12\/BAR1.pdf\" data-type=\"attachment\" data-id=\"1487\" target=\"_blank\" rel=\"noreferrer noopener\">BAR1<\/a><\/td><td><a href=\"https:\/\/aebriteiros.pt\/inicio\/wp-content\/uploads\/2025\/12\/FAF3.pdf\" data-type=\"attachment\" data-id=\"1495\">FAF3<\/a><\/td><\/tr><tr><td><a href=\"https:\/\/aebriteiros.pt\/inicio\/wp-content\/uploads\/2025\/12\/BAR2.pdf\" data-type=\"attachment\" data-id=\"1488\" target=\"_blank\" rel=\"noreferrer noopener\">BAR2<\/a><\/td><td><a href=\"https:\/\/aebriteiros.pt\/inicio\/wp-content\/uploads\/2025\/12\/IGR1.pdf\" data-type=\"attachment\" data-id=\"1497\" target=\"_blank\" rel=\"noreferrer noopener\">IGR1<\/a><\/td><\/tr><tr><td><a href=\"https:\/\/aebriteiros.pt\/inicio\/wp-content\/uploads\/2025\/12\/BAR3.pdf\" data-type=\"attachment\" data-id=\"1489\" target=\"_blank\" rel=\"noreferrer noopener\">BAR3<\/a><\/td><td><a href=\"https:\/\/aebriteiros.pt\/inicio\/wp-content\/uploads\/2025\/12\/IGR2.pdf\" data-type=\"attachment\" data-id=\"1498\" target=\"_blank\" rel=\"noreferrer noopener\">IGR2<\/a><\/td><\/tr><tr><td><a href=\"https:\/\/aebriteiros.pt\/inicio\/wp-content\/uploads\/2025\/12\/DON1.pdf\" data-type=\"attachment\" data-id=\"1491\" target=\"_blank\" rel=\"noreferrer noopener\">DON1<\/a><\/td><td><a href=\"https:\/\/aebriteiros.pt\/inicio\/wp-content\/uploads\/2025\/12\/IGR3.pdf\" data-type=\"attachment\" data-id=\"1499\" target=\"_blank\" rel=\"noreferrer noopener\">IGR3<\/a><\/td><\/tr><tr><td><a href=\"https:\/\/aebriteiros.pt\/inicio\/wp-content\/uploads\/2025\/12\/DON24.pdf\" data-type=\"attachment\" data-id=\"1493\" target=\"_blank\" rel=\"noreferrer noopener\">DON24<\/a><\/td><td><a href=\"https:\/\/aebriteiros.pt\/inicio\/wp-content\/uploads\/2025\/12\/IGR4.pdf\" data-type=\"attachment\" data-id=\"1500\" target=\"_blank\" rel=\"noreferrer noopener\">IGR4<\/a><\/td><\/tr><tr><td><a href=\"https:\/\/aebriteiros.pt\/inicio\/wp-content\/uploads\/2025\/12\/DON3.pdf\" data-type=\"attachment\" data-id=\"1492\" target=\"_blank\" rel=\"noreferrer noopener\">DON3<\/a><\/td><td><a href=\"https:\/\/aebriteiros.pt\/inicio\/wp-content\/uploads\/2025\/12\/SER234.pdf\" data-type=\"attachment\" data-id=\"1501\" target=\"_blank\" rel=\"noreferrer noopener\">SER234<\/a><\/td><\/tr><tr><td><a href=\"https:\/\/aebriteiros.pt\/inicio\/wp-content\/uploads\/2025\/12\/FAF14.pdf\" data-type=\"attachment\" data-id=\"1496\" target=\"_blank\" rel=\"noreferrer noopener\">FAF14<\/a><\/td><td><a href=\"https:\/\/aebriteiros.pt\/inicio\/wp-content\/uploads\/2025\/12\/STM12.pdf\" data-type=\"attachment\" data-id=\"1502\" target=\"_blank\" rel=\"noreferrer noopener\">SSM12<\/a><\/td><\/tr><tr><td><a href=\"https:\/\/aebriteiros.pt\/inicio\/wp-content\/uploads\/2025\/12\/FAF2.pdf\" data-type=\"attachment\" data-id=\"1494\">FAF2<\/a><\/td><td><a href=\"https:\/\/aebriteiros.pt\/inicio\/wp-content\/uploads\/2025\/12\/STM34.pdf\" data-type=\"attachment\" data-id=\"1503\" target=\"_blank\" rel=\"noreferrer noopener\">SSM34<\/a><\/td><\/tr><\/tbody><\/table><\/figure>\n\n\n\n<p><\/p>\n\n\n\n<p><\/p>\n\n\n<h2><span style=\"color: #da291c;\">2\u00ba Ciclo<\/span><\/h2>\n\n\n<figure class=\"wp-block-table is-style-stripes\"><table class=\"has-fixed-layout\"><tbody><tr><td><a href=\"https:\/\/aebriteiros.pt\/inicio\/wp-content\/uploads\/2025\/12\/Horario5A.pdf\" data-type=\"attachment\" data-id=\"1467\" target=\"_blank\" rel=\"noreferrer noopener\">5\u00ba A<\/a><\/td><td><a href=\"https:\/\/aebriteiros.pt\/inicio\/wp-content\/uploads\/2025\/12\/Horario6A.pdf\" data-type=\"attachment\" data-id=\"1470\" target=\"_blank\" rel=\"noreferrer noopener\">6\u00ba A<\/a><\/td><\/tr><tr><td><a href=\"https:\/\/aebriteiros.pt\/inicio\/wp-content\/uploads\/2025\/12\/Horario5B.pdf\" data-type=\"attachment\" data-id=\"1468\" target=\"_blank\" rel=\"noreferrer noopener\">5\u00ba B<\/a><\/td><td><a href=\"https:\/\/aebriteiros.pt\/inicio\/wp-content\/uploads\/2025\/12\/Horario6B.pdf\" data-type=\"attachment\" data-id=\"1471\" target=\"_blank\" rel=\"noreferrer noopener\">6\u00ba B<\/a><\/td><\/tr><tr><td><a href=\"https:\/\/aebriteiros.pt\/inicio\/wp-content\/uploads\/2025\/12\/Horario5C.pdf\" data-type=\"attachment\" data-id=\"1469\" target=\"_blank\" rel=\"noreferrer noopener\">5\u00ba C<\/a><\/td><td><a href=\"https:\/\/aebriteiros.pt\/inicio\/wp-content\/uploads\/2025\/12\/Horario6C.pdf\" data-type=\"attachment\" data-id=\"1472\" target=\"_blank\" rel=\"noreferrer noopener\">6\u00ba C<\/a><\/td><\/tr><tr><td><\/td><td><a href=\"https:\/\/aebriteiros.pt\/inicio\/wp-content\/uploads\/2025\/12\/Horario6D.pdf\" data-type=\"attachment\" data-id=\"1473\" target=\"_blank\" rel=\"noreferrer noopener\">6\u00ba D<\/a><\/td><\/tr><\/tbody><\/table><\/figure>\n\n\n<h2><strong><span style=\"color: #da291c;\">3\u00ba Ciclo<\/span><\/strong><\/h2>\n\n\n<figure class=\"wp-block-table is-style-stripes\"><table class=\"has-fixed-layout\"><tbody><tr><td><a href=\"https:\/\/aebriteiros.pt\/inicio\/wp-content\/uploads\/2025\/12\/Horario7A.pdf\" data-type=\"attachment\" data-id=\"1474\" target=\"_blank\" rel=\"noreferrer noopener\">7\u00ba A<\/a><\/td><td><a href=\"https:\/\/aebriteiros.pt\/inicio\/wp-content\/uploads\/2025\/12\/Horario8A.pdf\" data-type=\"attachment\" data-id=\"1477\" target=\"_blank\" rel=\"noreferrer noopener\">8\u00ba A<\/a><\/td><td><a href=\"https:\/\/aebriteiros.pt\/inicio\/wp-content\/uploads\/2025\/12\/Horario9A.pdf\" data-type=\"attachment\" data-id=\"1480\" target=\"_blank\" rel=\"noreferrer noopener\">9\u00ba A<\/a><\/td><\/tr><tr><td><a href=\"https:\/\/aebriteiros.pt\/inicio\/wp-content\/uploads\/2025\/12\/Horario7B.pdf\" data-type=\"attachment\" data-id=\"1475\" target=\"_blank\" rel=\"noreferrer noopener\">7\u00ba B<\/a><\/td><td><a href=\"https:\/\/aebriteiros.pt\/inicio\/wp-content\/uploads\/2025\/12\/Horario8B.pdf\" data-type=\"attachment\" data-id=\"1478\" target=\"_blank\" rel=\"noreferrer noopener\">8\u00ba B<\/a><\/td><td><a href=\"https:\/\/aebriteiros.pt\/inicio\/wp-content\/uploads\/2025\/12\/Horario9B.pdf\" data-type=\"attachment\" data-id=\"1481\" target=\"_blank\" rel=\"noreferrer noopener\">9\u00ba B<\/a><\/td><\/tr><tr><td><a href=\"https:\/\/aebriteiros.pt\/inicio\/wp-content\/uploads\/2025\/12\/Horario7C.pdf\" data-type=\"attachment\" data-id=\"1476\" target=\"_blank\" rel=\"noreferrer noopener\">7\u00ba C<\/a><\/td><td><a href=\"https:\/\/aebriteiros.pt\/inicio\/wp-content\/uploads\/2025\/12\/Horario8C.pdf\" data-type=\"attachment\" data-id=\"1479\" target=\"_blank\" rel=\"noreferrer noopener\">8\u00ba C<\/a><\/td><td><a href=\"https:\/\/aebriteiros.pt\/inicio\/wp-content\/uploads\/2025\/12\/Horario9C.pdf\" data-type=\"attachment\" data-id=\"1482\" target=\"_blank\" rel=\"noreferrer noopener\">9\u00ba C<\/a><\/td><\/tr><tr><td><\/td><td><\/td><td><a href=\"https:\/\/aebriteiros.pt\/inicio\/wp-content\/uploads\/2025\/12\/Horario9D.pdf\" data-type=\"attachment\" data-id=\"1483\" target=\"_blank\" rel=\"noreferrer noopener\">9\u00ba D<\/a><\/td><\/tr><\/tbody><\/table><\/figure>\n\n\n\n<p><\/p>\n","protected":false},"excerpt":{"rendered":"<p>Educa\u00e7\u00e3o Pr\u00e9-escolar BARJ1 FAFJ1 SERJ1 BARJ2 BARJ1 STMJ1 DONJ1 IGRJ1 DONJ2 IGRJ2 1\u00ba Ciclo BAR1 FAF3<\/p>\n<p><a href=\"https:\/\/aebriteiros.pt\/inicio\/horarios\/\" class=\"more-link\">Continue a ler&#8230;<span class=\"screen-reader-text\">Hor\u00e1rios<\/span><\/a><\/p>\n","protected":false},"author":1,"featured_media":0,"parent":0,"menu_order":0,"comment_status":"closed","ping_status":"closed","template":"","meta":{"footnotes":""},"class_list":["post-418","page","type-page","status-publish","hentry"],"_links":{"self":[{"href":"https:\/\/aebriteiros.pt\/inicio\/wp-json\/wp\/v2\/pages\/418","targetHints":{"allow":["GET"]}}],"collection":[{"href":"https:\/\/aebriteiros.pt\/inicio\/wp-json\/wp\/v2\/pages"}],"about":[{"href":"https:\/\/aebriteiros.pt\/inicio\/wp-json\/wp\/v2\/types\/page"}],"author":[{"embeddable":true,"href":"https:\/\/aebriteiros.pt\/inicio\/wp-json\/wp\/v2\/users\/1"}],"replies":[{"embeddable":true,"href":"https:\/\/aebriteiros.pt\/inicio\/wp-json\/wp\/v2\/comments?post=418"}],"version-history":[{"count":47,"href":"https:\/\/aebriteiros.pt\/inicio\/wp-json\/wp\/v2\/pages\/418\/revisions"}],"predecessor-version":[{"id":1518,"href":"https:\/\/aebriteiros.pt\/inicio\/wp-json\/wp\/v2\/pages\/418\/revisions\/1518"}],"wp:attachment":[{"href":"https:\/\/aebriteiros.pt\/inicio\/wp-json\/wp\/v2\/media?parent=418"}],"curies":[{"name":"wp","href":"https:\/\/api.w.org\/{rel}","templated":true}]}}