{"id":326,"date":"2024-09-15T23:56:54","date_gmt":"2024-09-15T23:56:54","guid":{"rendered":"https:\/\/aebriteiros.pt\/inicio\/?page_id=326"},"modified":"2024-09-16T00:00:24","modified_gmt":"2024-09-16T00:00:24","slug":"calendario-escolar","status":"publish","type":"page","link":"https:\/\/aebriteiros.pt\/inicio\/calendario-escolar\/","title":{"rendered":"Calend\u00e1rio Escolar"},"content":{"rendered":"\n<div data-wp-interactive=\"core\/file\" class=\"wp-block-file\"><object data-wp-bind--hidden=\"!state.hasPdfPreview\" hidden class=\"wp-block-file__embed\" data=\"https:\/\/aebriteiros.pt\/inicio\/wp-content\/uploads\/2024\/09\/Despacho-8368_2024_calendario-escolar.pdf\" type=\"application\/pdf\" style=\"width:100%;height:600px\" aria-label=\"Incorpora\u00e7\u00e3o de Despacho 8368_2024_calend\u00e1rio escolar.\"><\/object><a id=\"wp-block-file--media-a259071a-782f-4b72-8fc8-4d093e4e79f9\" href=\"https:\/\/aebriteiros.pt\/inicio\/wp-content\/uploads\/2024\/09\/Despacho-8368_2024_calendario-escolar.pdf\">Despacho 8368_2024_calend\u00e1rio escolar<\/a><a href=\"https:\/\/aebriteiros.pt\/inicio\/wp-content\/uploads\/2024\/09\/Despacho-8368_2024_calendario-escolar.pdf\" class=\"wp-block-file__button wp-element-button\" download aria-describedby=\"wp-block-file--media-a259071a-782f-4b72-8fc8-4d093e4e79f9\">Descarregar<\/a><\/div>\n","protected":false},"excerpt":{"rendered":"","protected":false},"author":1,"featured_media":0,"parent":0,"menu_order":0,"comment_status":"closed","ping_status":"closed","template":"","meta":{"footnotes":""},"class_list":["post-326","page","type-page","status-publish","hentry"],"_links":{"self":[{"href":"https:\/\/aebriteiros.pt\/inicio\/wp-json\/wp\/v2\/pages\/326","targetHints":{"allow":["GET"]}}],"collection":[{"href":"https:\/\/aebriteiros.pt\/inicio\/wp-json\/wp\/v2\/pages"}],"about":[{"href":"https:\/\/aebriteiros.pt\/inicio\/wp-json\/wp\/v2\/types\/page"}],"author":[{"embeddable":true,"href":"https:\/\/aebriteiros.pt\/inicio\/wp-json\/wp\/v2\/users\/1"}],"replies":[{"embeddable":true,"href":"https:\/\/aebriteiros.pt\/inicio\/wp-json\/wp\/v2\/comments?post=326"}],"version-history":[{"count":2,"href":"https:\/\/aebriteiros.pt\/inicio\/wp-json\/wp\/v2\/pages\/326\/revisions"}],"predecessor-version":[{"id":332,"href":"https:\/\/aebriteiros.pt\/inicio\/wp-json\/wp\/v2\/pages\/326\/revisions\/332"}],"wp:attachment":[{"href":"https:\/\/aebriteiros.pt\/inicio\/wp-json\/wp\/v2\/media?parent=326"}],"curies":[{"name":"wp","href":"https:\/\/api.w.org\/{rel}","templated":true}]}}