{"id":166,"date":"2024-09-11T22:23:59","date_gmt":"2024-09-11T22:23:59","guid":{"rendered":"https:\/\/aebriteiros.pt\/inicio\/?page_id=166"},"modified":"2026-01-23T19:05:21","modified_gmt":"2026-01-23T19:05:21","slug":"documentos-estruturantes","status":"publish","type":"page","link":"https:\/\/aebriteiros.pt\/inicio\/documentos-estruturantes\/","title":{"rendered":"Documentos Estruturantes"},"content":{"rendered":"\n<div data-wp-interactive=\"core\/file\" class=\"wp-block-file\"><object data-wp-bind--hidden=\"!state.hasPdfPreview\" hidden class=\"wp-block-file__embed\" data=\"https:\/\/aebriteiros.pt\/inicio\/wp-content\/uploads\/2025\/12\/Projeto-Educativo-VERSAO_3setembro25_signed.pdf\" type=\"application\/pdf\" style=\"width:100%;height:600px\" aria-label=\"Incorpora\u00e7\u00e3o de Projeto Educativo_21.26_AEBriteiros.\"><\/object><a id=\"wp-block-file--media-f0ac1956-2f2b-4d99-8017-d9cc760be19d\" href=\"https:\/\/aebriteiros.pt\/inicio\/wp-content\/uploads\/2025\/12\/Projeto-Educativo-VERSAO_3setembro25_signed.pdf\">Projeto Educativo_21.26_AEBriteiros<\/a><a href=\"https:\/\/aebriteiros.pt\/inicio\/wp-content\/uploads\/2025\/12\/Projeto-Educativo-VERSAO_3setembro25_signed.pdf\" class=\"wp-block-file__button wp-element-button\" download aria-describedby=\"wp-block-file--media-f0ac1956-2f2b-4d99-8017-d9cc760be19d\">Descarregar<\/a><\/div>\n\n\n\n<div data-wp-interactive=\"core\/file\" class=\"wp-block-file\"><object data-wp-bind--hidden=\"!state.hasPdfPreview\" hidden class=\"wp-block-file__embed\" data=\"https:\/\/aebriteiros.pt\/inicio\/wp-content\/uploads\/2024\/09\/RI-AEB_2022_2025_Indice-Reduzido_Final_CP.pdf\" type=\"application\/pdf\" style=\"width:100%;height:600px\" aria-label=\"Incorpora\u00e7\u00e3o de Regulamento Interno_22.25_AEBriteiros.\"><\/object><a id=\"wp-block-file--media-4fb86698-56e8-4efd-9807-ece2e2bbeade\" href=\"https:\/\/aebriteiros.pt\/inicio\/wp-content\/uploads\/2024\/09\/RI-AEB_2022_2025_Indice-Reduzido_Final_CP.pdf\">Regulamento Interno_22.25_AEBriteiros<\/a><a href=\"https:\/\/aebriteiros.pt\/inicio\/wp-content\/uploads\/2024\/09\/RI-AEB_2022_2025_Indice-Reduzido_Final_CP.pdf\" class=\"wp-block-file__button wp-element-button\" download aria-describedby=\"wp-block-file--media-4fb86698-56e8-4efd-9807-ece2e2bbeade\">Descarregar<\/a><\/div>\n\n\n\n<div data-wp-interactive=\"core\/file\" class=\"wp-block-file\"><object data-wp-bind--hidden=\"!state.hasPdfPreview\" hidden class=\"wp-block-file__embed\" data=\"https:\/\/aebriteiros.pt\/inicio\/wp-content\/uploads\/2025\/12\/PROJETO-DE-DESENVOLVIMENTO-CURRICULAR_-2025_AEB.pdf\" type=\"application\/pdf\" style=\"width:100%;height:600px\" aria-label=\"Incorpora\u00e7\u00e3o de Projeto de Desenvolvimento Curricular_ 25.26_AEBriteiros.\"><\/object><a id=\"wp-block-file--media-a8469d82-f0cd-433b-894b-81d2e210d0ae\" href=\"https:\/\/aebriteiros.pt\/inicio\/wp-content\/uploads\/2025\/12\/PROJETO-DE-DESENVOLVIMENTO-CURRICULAR_-2025_AEB.pdf\">Projeto de Desenvolvimento Curricular_ 25.26_AEBriteiros<\/a><a href=\"https:\/\/aebriteiros.pt\/inicio\/wp-content\/uploads\/2025\/12\/PROJETO-DE-DESENVOLVIMENTO-CURRICULAR_-2025_AEB.pdf\" class=\"wp-block-file__button wp-element-button\" download aria-describedby=\"wp-block-file--media-a8469d82-f0cd-433b-894b-81d2e210d0ae\">Descarregar<\/a><\/div>\n\n\n\n<div data-wp-interactive=\"core\/file\" class=\"wp-block-file\"><object data-wp-bind--hidden=\"!state.hasPdfPreview\" hidden class=\"wp-block-file__embed\" data=\"https:\/\/aebriteiros.pt\/inicio\/wp-content\/uploads\/2025\/12\/Plano-Intervencao_melhoria_25.26-1.pdf\" type=\"application\/pdf\" style=\"width:100%;height:600px\" aria-label=\"Incorpora\u00e7\u00e3o de Plano de Intervencao_Melhoria_25.26_AEBriteiros.\"><\/object><a id=\"wp-block-file--media-0843d641-32f7-4be8-88d6-671fe7648010\" href=\"https:\/\/aebriteiros.pt\/inicio\/wp-content\/uploads\/2025\/12\/Plano-Intervencao_melhoria_25.26-1.pdf\">Plano de Intervencao_Melhoria_25.26_AEBriteiros<\/a><a href=\"https:\/\/aebriteiros.pt\/inicio\/wp-content\/uploads\/2025\/12\/Plano-Intervencao_melhoria_25.26-1.pdf\" class=\"wp-block-file__button wp-element-button\" download aria-describedby=\"wp-block-file--media-0843d641-32f7-4be8-88d6-671fe7648010\">Descarregar<\/a><\/div>\n\n\n\n<div data-wp-interactive=\"core\/file\" class=\"wp-block-file\"><object data-wp-bind--hidden=\"!state.hasPdfPreview\" hidden class=\"wp-block-file__embed\" data=\"https:\/\/aebriteiros.pt\/inicio\/wp-content\/uploads\/2026\/01\/EECE-2024-2027-DEZ2025-Vfinal.docx_signed_signed.pdf\" type=\"application\/pdf\" style=\"width:100%;height:600px\" aria-label=\"Incorpora\u00e7\u00e3o de EECE 24.27_AEBriteiros.\"><\/object><a id=\"wp-block-file--media-502112a0-8f22-443d-8ac7-ecf1b8d1cd97\" href=\"https:\/\/aebriteiros.pt\/inicio\/wp-content\/uploads\/2026\/01\/EECE-2024-2027-DEZ2025-Vfinal.docx_signed_signed.pdf\">EECE 24.27_AEBriteiros<\/a><a href=\"https:\/\/aebriteiros.pt\/inicio\/wp-content\/uploads\/2026\/01\/EECE-2024-2027-DEZ2025-Vfinal.docx_signed_signed.pdf\" class=\"wp-block-file__button wp-element-button\" download aria-describedby=\"wp-block-file--media-502112a0-8f22-443d-8ac7-ecf1b8d1cd97\">Descarregar<\/a><\/div>\n\n\n\n<div data-wp-interactive=\"core\/file\" class=\"wp-block-file\"><object data-wp-bind--hidden=\"!state.hasPdfPreview\" hidden class=\"wp-block-file__embed\" data=\"https:\/\/aebriteiros.pt\/inicio\/wp-content\/uploads\/2026\/01\/PAA_2025_ultimaversao_28dez.pdf\" type=\"application\/pdf\" style=\"width:100%;height:600px\" aria-label=\"Incorpora\u00e7\u00e3o de PAA_25.26_AEBriteiros.\"><\/object><a id=\"wp-block-file--media-4fa88948-eb9f-40ea-b8ed-008f13f27722\" href=\"https:\/\/aebriteiros.pt\/inicio\/wp-content\/uploads\/2026\/01\/PAA_2025_ultimaversao_28dez.pdf\">PAA_25.26_AEBriteiros<\/a><a href=\"https:\/\/aebriteiros.pt\/inicio\/wp-content\/uploads\/2026\/01\/PAA_2025_ultimaversao_28dez.pdf\" class=\"wp-block-file__button wp-element-button\" download aria-describedby=\"wp-block-file--media-4fa88948-eb9f-40ea-b8ed-008f13f27722\">Descarregar<\/a><\/div>\n\n\n\n<div data-wp-interactive=\"core\/file\" class=\"wp-block-file\"><object data-wp-bind--hidden=\"!state.hasPdfPreview\" hidden class=\"wp-block-file__embed\" data=\"https:\/\/aebriteiros.pt\/inicio\/wp-content\/uploads\/2025\/12\/PADDE_2024.2026_AEBriteiros.pdf\" type=\"application\/pdf\" style=\"width:100%;height:600px\" aria-label=\"Incorpora\u00e7\u00e3o de PADDE_24.26_AEBriteiros.\"><\/object><a id=\"wp-block-file--media-4a9e9d9a-30ed-4999-89cf-0179101cbb5d\" href=\"https:\/\/aebriteiros.pt\/inicio\/wp-content\/uploads\/2025\/12\/PADDE_2024.2026_AEBriteiros.pdf\">PADDE_24.26_AEBriteiros<\/a><a href=\"https:\/\/aebriteiros.pt\/inicio\/wp-content\/uploads\/2025\/12\/PADDE_2024.2026_AEBriteiros.pdf\" class=\"wp-block-file__button wp-element-button\" download aria-describedby=\"wp-block-file--media-4a9e9d9a-30ed-4999-89cf-0179101cbb5d\">Descarregar<\/a><\/div>\n\n\n\n<div data-wp-interactive=\"core\/file\" class=\"wp-block-file\"><object data-wp-bind--hidden=\"!state.hasPdfPreview\" hidden class=\"wp-block-file__embed\" data=\"https:\/\/aebriteiros.pt\/inicio\/wp-content\/uploads\/2025\/12\/Plano-de-formacao-25-26-atualizado.pdf\" type=\"application\/pdf\" style=\"width:100%;height:600px\" aria-label=\"Incorpora\u00e7\u00e3o de Plano de Forma\u00e7\u00e3o_ 25.26_AEBriteiros.\"><\/object><a id=\"wp-block-file--media-881c447f-3d52-4ab1-b28f-dd9018ce678c\" href=\"https:\/\/aebriteiros.pt\/inicio\/wp-content\/uploads\/2025\/12\/Plano-de-formacao-25-26-atualizado.pdf\">Plano de Forma\u00e7\u00e3o_ 25.26_AEBriteiros<\/a><a href=\"https:\/\/aebriteiros.pt\/inicio\/wp-content\/uploads\/2025\/12\/Plano-de-formacao-25-26-atualizado.pdf\" class=\"wp-block-file__button wp-element-button\" download aria-describedby=\"wp-block-file--media-881c447f-3d52-4ab1-b28f-dd9018ce678c\">Descarregar<\/a><\/div>\n\n\n\n<p><\/p>\n","protected":false},"excerpt":{"rendered":"","protected":false},"author":1,"featured_media":0,"parent":0,"menu_order":0,"comment_status":"closed","ping_status":"closed","template":"","meta":{"footnotes":""},"class_list":["post-166","page","type-page","status-publish","hentry"],"_links":{"self":[{"href":"https:\/\/aebriteiros.pt\/inicio\/wp-json\/wp\/v2\/pages\/166","targetHints":{"allow":["GET"]}}],"collection":[{"href":"https:\/\/aebriteiros.pt\/inicio\/wp-json\/wp\/v2\/pages"}],"about":[{"href":"https:\/\/aebriteiros.pt\/inicio\/wp-json\/wp\/v2\/types\/page"}],"author":[{"embeddable":true,"href":"https:\/\/aebriteiros.pt\/inicio\/wp-json\/wp\/v2\/users\/1"}],"replies":[{"embeddable":true,"href":"https:\/\/aebriteiros.pt\/inicio\/wp-json\/wp\/v2\/comments?post=166"}],"version-history":[{"count":19,"href":"https:\/\/aebriteiros.pt\/inicio\/wp-json\/wp\/v2\/pages\/166\/revisions"}],"predecessor-version":[{"id":1659,"href":"https:\/\/aebriteiros.pt\/inicio\/wp-json\/wp\/v2\/pages\/166\/revisions\/1659"}],"wp:attachment":[{"href":"https:\/\/aebriteiros.pt\/inicio\/wp-json\/wp\/v2\/media?parent=166"}],"curies":[{"name":"wp","href":"https:\/\/api.w.org\/{rel}","templated":true}]}}