{"id":159,"date":"2024-09-11T22:23:59","date_gmt":"2024-09-11T22:23:59","guid":{"rendered":"https:\/\/aebriteiros.pt\/inicio\/?page_id=159"},"modified":"2025-12-16T18:36:37","modified_gmt":"2025-12-16T18:36:37","slug":"equipa-de-autoavaliacao","status":"publish","type":"page","link":"https:\/\/aebriteiros.pt\/inicio\/equipa-de-autoavaliacao\/","title":{"rendered":"Equipa de Autoavalia\u00e7\u00e3o (Avalia\u00e7\u00e3o Interna)"},"content":{"rendered":"<h2><span style=\"color: #da291c;\"><strong>Coordenadora<\/strong><\/span><\/h2>\n<p><strong>Ana Paula Marques<\/strong><\/p>\n<hr \/>\n<ul>\n<li><strong>F\u00e1tima Chaves<\/strong> (Coordenadora de Diretores de Turma)<\/li>\n<li><strong>Severino Fernandes<\/strong> (2.\u00ba e 3.\u00ba Ciclos)<\/li>\n<li><strong>Paula Ferreira<\/strong> (2.\u00ba e 3.\u00ba Ciclos)<\/li>\n<li><strong>Carla Machado<\/strong> (2.\u00ba e 3.\u00ba Ciclos)<\/li>\n<li><strong>Cristiana Cunha<\/strong> (1.\u00ba Ciclo)<\/li>\n<li><strong>Rui Ferreira<\/strong> (Coordenador Dep. 1.\u00ba Ciclo)<\/li>\n<li><strong>Concei\u00e7\u00e3o Nogueira<\/strong> (EPE)<\/li>\n<li><strong>Ana Paula Ara\u00fajo<\/strong> (EPE)<\/li>\n<li><strong>Ana Sofia Melo<\/strong> (SATE)<\/li>\n<li><strong>Bruno Pinheiro<\/strong> (Assistente T\u00e9cnico)<\/li>\n<li><strong>Teresa Oliveira<\/strong> (Assistente Operacional)<\/li>\n<li><strong>Leonardo Silva<\/strong> (Associa\u00e7\u00e3o de Estudantes)<\/li>\n<li><strong>Lu\u00edsa Fernandes<\/strong> (Associa\u00e7\u00e3o de Estudantes)<\/li>\n<li><strong>Ivo Silva<\/strong> (Associa\u00e7\u00e3o de Estudantes)<\/li>\n<li><strong>Marisa Silva<\/strong> (Encarregada de Educa\u00e7\u00e3o da Escola B\u00e1sica de Briteiros)<\/li>\n<li><strong>Lu\u00eds Pereira<\/strong> (Encarregado de Educa\u00e7\u00e3o da Escola B\u00e1sica de Briteiros)<\/li>\n<li><strong>Diogo Costa<\/strong> (Elemento da Comunidade)<\/li>\n<\/ul>\n","protected":false},"excerpt":{"rendered":"<p>Coordenadora Ana Paula Marques F\u00e1tima Chaves (Coordenadora de Diretores de Turma) Severino Fernandes (2.\u00ba e 3.\u00ba<\/p>\n<p><a href=\"https:\/\/aebriteiros.pt\/inicio\/equipa-de-autoavaliacao\/\" class=\"more-link\">Continue a ler&#8230;<span class=\"screen-reader-text\">Equipa de Autoavalia\u00e7\u00e3o (Avalia\u00e7\u00e3o Interna)<\/span><\/a><\/p>\n","protected":false},"author":1,"featured_media":0,"parent":0,"menu_order":0,"comment_status":"closed","ping_status":"closed","template":"","meta":{"footnotes":""},"class_list":["post-159","page","type-page","status-publish","hentry"],"_links":{"self":[{"href":"https:\/\/aebriteiros.pt\/inicio\/wp-json\/wp\/v2\/pages\/159","targetHints":{"allow":["GET"]}}],"collection":[{"href":"https:\/\/aebriteiros.pt\/inicio\/wp-json\/wp\/v2\/pages"}],"about":[{"href":"https:\/\/aebriteiros.pt\/inicio\/wp-json\/wp\/v2\/types\/page"}],"author":[{"embeddable":true,"href":"https:\/\/aebriteiros.pt\/inicio\/wp-json\/wp\/v2\/users\/1"}],"replies":[{"embeddable":true,"href":"https:\/\/aebriteiros.pt\/inicio\/wp-json\/wp\/v2\/comments?post=159"}],"version-history":[{"count":8,"href":"https:\/\/aebriteiros.pt\/inicio\/wp-json\/wp\/v2\/pages\/159\/revisions"}],"predecessor-version":[{"id":1400,"href":"https:\/\/aebriteiros.pt\/inicio\/wp-json\/wp\/v2\/pages\/159\/revisions\/1400"}],"wp:attachment":[{"href":"https:\/\/aebriteiros.pt\/inicio\/wp-json\/wp\/v2\/media?parent=159"}],"curies":[{"name":"wp","href":"https:\/\/api.w.org\/{rel}","templated":true}]}}