{"id":157,"date":"2024-09-11T22:23:59","date_gmt":"2024-09-11T22:23:59","guid":{"rendered":"https:\/\/aebriteiros.pt\/inicio\/?page_id=157"},"modified":"2025-11-14T11:50:13","modified_gmt":"2025-11-14T11:50:13","slug":"coordenacao-de-escola","status":"publish","type":"page","link":"https:\/\/aebriteiros.pt\/inicio\/coordenacao-de-escola\/","title":{"rendered":"Coordena\u00e7\u00e3o de Escola"},"content":{"rendered":"\n<div class=\"wp-block-group\"><div class=\"wp-block-group__inner-container is-layout-constrained wp-block-group-is-layout-constrained\">\n<div class=\"wp-block-group\"><div class=\"wp-block-group__inner-container is-layout-constrained wp-block-group-is-layout-constrained\">\n<div class=\"wp-block-group\"><div class=\"wp-block-group__inner-container is-layout-constrained wp-block-group-is-layout-constrained\">\n<h2><span style=\"color: #da291c;\">Coordenadores de Estabelecimento<\/span><\/h2>\n<\/div><\/div>\n<\/div><\/div>\n\n\n\n<figure class=\"wp-block-table is-style-stripes\"><table class=\"has-fixed-layout\"><tbody><tr><td class=\"has-text-align-left\" data-align=\"left\"><strong>Escola<\/strong><\/td><td class=\"has-text-align-left\" data-align=\"left\"><strong>Coordenador de Estabelecimento<\/strong><\/td><td><strong>Contacto de Email<\/strong><\/td><td><strong>Contacto da Escola<\/strong><\/td><\/tr><tr><td class=\"has-text-align-left\" data-align=\"left\">Escola B\u00e1sica de Briteiros (S\u00e3o Salvador)<\/td><td class=\"has-text-align-left\" data-align=\"left\">Elisabete Dias<\/td><td>elisabetedias@aebriteiros.pt<\/td><td>253578849<\/td><\/tr><tr><td class=\"has-text-align-left\" data-align=\"left\">Escola B\u00e1sica de Barco<\/td><td class=\"has-text-align-left\" data-align=\"left\">Manuela Ribeiro<\/td><td>manuelaribeiro@aebriteiros.pt<\/td><td>253472250<\/td><\/tr><tr><td class=\"has-text-align-left\" data-align=\"left\">Escola B\u00e1sica de Donim<\/td><td class=\"has-text-align-left\" data-align=\"left\">Helena Silva<\/td><td>helenasilva@ebriteiros.pt<\/td><td>253573159<\/td><\/tr><tr><td class=\"has-text-align-left\" data-align=\"left\">Escola B\u00e1sica de Fafi\u00e3o, Briteiros (Santo Estev\u00e3o)<\/td><td class=\"has-text-align-left\" data-align=\"left\">Celeste Vidal<\/td><td>celestevidal@aebriteiros.pt<\/td><td>253579324<\/td><\/tr><tr><td class=\"has-text-align-left\" data-align=\"left\">Escola B\u00e1sica  de Serrado, Briteiros (Santa Leoc\u00e1dia)<\/td><td class=\"has-text-align-left\" data-align=\"left\">Lu\u00edsa Brand\u00e3o<\/td><td>luisabrandao@aebriteiros.pt<\/td><td>253578793253572950<\/td><\/tr><tr><td class=\"has-text-align-left\" data-align=\"left\">Escola B\u00e1sica de Igreja, Briteiros (S\u00e3o Salvador)<\/td><td class=\"has-text-align-left\" data-align=\"left\">Isabel Barbosa<\/td><td>isabelbarbosa@aebriteiros.pt<\/td><td>253572735<\/td><\/tr><tr><td class=\"has-text-align-left\" data-align=\"left\">Escola B\u00e1sica de Souto (Santa Maria)<\/td><td class=\"has-text-align-left\" data-align=\"left\">Rui Ferreira<\/td><td>ruiferreira@aebriteiros.pt<\/td><td>253572950<\/td><\/tr><tr><td class=\"has-text-align-left\" data-align=\"left\">Jardim de Inf\u00e2ncia de Souto (Santa Maria)<\/td><td class=\"has-text-align-left\" data-align=\"left\">M\u00f3nica Barbosa<\/td><td>monicabarbosa@aebriteiros.pt<\/td><td>253473540<\/td><\/tr><\/tbody><\/table><\/figure>\n<\/div><\/div>\n","protected":false},"excerpt":{"rendered":"<p>Coordenadores de Estabelecimento Escola Coordenador de Estabelecimento Contacto de Email Contacto da Escola Escola B\u00e1sica de<\/p>\n<p><a href=\"https:\/\/aebriteiros.pt\/inicio\/coordenacao-de-escola\/\" class=\"more-link\">Continue a ler&#8230;<span class=\"screen-reader-text\">Coordena\u00e7\u00e3o de Escola<\/span><\/a><\/p>\n","protected":false},"author":1,"featured_media":0,"parent":0,"menu_order":0,"comment_status":"closed","ping_status":"closed","template":"","meta":{"footnotes":""},"class_list":["post-157","page","type-page","status-publish","hentry"],"_links":{"self":[{"href":"https:\/\/aebriteiros.pt\/inicio\/wp-json\/wp\/v2\/pages\/157","targetHints":{"allow":["GET"]}}],"collection":[{"href":"https:\/\/aebriteiros.pt\/inicio\/wp-json\/wp\/v2\/pages"}],"about":[{"href":"https:\/\/aebriteiros.pt\/inicio\/wp-json\/wp\/v2\/types\/page"}],"author":[{"embeddable":true,"href":"https:\/\/aebriteiros.pt\/inicio\/wp-json\/wp\/v2\/users\/1"}],"replies":[{"embeddable":true,"href":"https:\/\/aebriteiros.pt\/inicio\/wp-json\/wp\/v2\/comments?post=157"}],"version-history":[{"count":8,"href":"https:\/\/aebriteiros.pt\/inicio\/wp-json\/wp\/v2\/pages\/157\/revisions"}],"predecessor-version":[{"id":1353,"href":"https:\/\/aebriteiros.pt\/inicio\/wp-json\/wp\/v2\/pages\/157\/revisions\/1353"}],"wp:attachment":[{"href":"https:\/\/aebriteiros.pt\/inicio\/wp-json\/wp\/v2\/media?parent=157"}],"curies":[{"name":"wp","href":"https:\/\/api.w.org\/{rel}","templated":true}]}}