{"id":1440,"date":"2025-12-31T12:25:05","date_gmt":"2025-12-31T12:25:05","guid":{"rendered":"https:\/\/aebriteiros.pt\/inicio\/?page_id=1440"},"modified":"2026-01-23T15:33:10","modified_gmt":"2026-01-23T15:33:10","slug":"avaliacao-e-autoavaliacao","status":"publish","type":"page","link":"https:\/\/aebriteiros.pt\/inicio\/avaliacao-e-autoavaliacao\/","title":{"rendered":"Avalia\u00e7\u00e3o e Autoavalia\u00e7\u00e3o"},"content":{"rendered":"\n<p><strong><mark style=\"background-color:#ffbf00\" class=\"has-inline-color\">Avalia\u00e7\u00e3o Interna<\/mark><\/strong><\/p>\n\n\n\n<div data-wp-interactive=\"core\/file\" class=\"wp-block-file\"><object data-wp-bind--hidden=\"!state.hasPdfPreview\" hidden class=\"wp-block-file__embed\" data=\"https:\/\/aebriteiros.pt\/inicio\/wp-content\/uploads\/2025\/12\/Relatorio-AI-17_21-.pdf\" type=\"application\/pdf\" style=\"width:100%;height:600px\" aria-label=\"Incorpora\u00e7\u00e3o de Relat\u00f3rio da Avalia\u00e7\u00e3o Interna_17.21_AEBriteiros.\"><\/object><a id=\"wp-block-file--media-5d47e6c3-7258-45a9-8b00-ee006bfe34b5\" href=\"https:\/\/aebriteiros.pt\/inicio\/wp-content\/uploads\/2025\/12\/Relatorio-AI-17_21-.pdf\">Relat\u00f3rio da Avalia\u00e7\u00e3o Interna_17.21_AEBriteiros<\/a><a href=\"https:\/\/aebriteiros.pt\/inicio\/wp-content\/uploads\/2025\/12\/Relatorio-AI-17_21-.pdf\" class=\"wp-block-file__button wp-element-button\" download aria-describedby=\"wp-block-file--media-5d47e6c3-7258-45a9-8b00-ee006bfe34b5\">Descarregar<\/a><\/div>\n\n\n\n<div data-wp-interactive=\"core\/file\" class=\"wp-block-file\"><object data-wp-bind--hidden=\"!state.hasPdfPreview\" hidden class=\"wp-block-file__embed\" data=\"https:\/\/aebriteiros.pt\/inicio\/wp-content\/uploads\/2025\/12\/Relatorio-AI-21_22.pdf\" type=\"application\/pdf\" style=\"width:100%;height:600px\" aria-label=\"Incorpora\u00e7\u00e3o de Relat\u00f3rio da  Avalia\u00e7\u00e3o Interna_ 21.22_AEBriteiros.\"><\/object><a id=\"wp-block-file--media-50e231cb-6ffd-46ea-a7bd-5c84ab7c6a1b\" href=\"https:\/\/aebriteiros.pt\/inicio\/wp-content\/uploads\/2025\/12\/Relatorio-AI-21_22.pdf\">Relat\u00f3rio da  Avalia\u00e7\u00e3o Interna_ 21.22_AEBriteiros<\/a><a href=\"https:\/\/aebriteiros.pt\/inicio\/wp-content\/uploads\/2025\/12\/Relatorio-AI-21_22.pdf\" class=\"wp-block-file__button wp-element-button\" download aria-describedby=\"wp-block-file--media-50e231cb-6ffd-46ea-a7bd-5c84ab7c6a1b\">Descarregar<\/a><\/div>\n\n\n\n<div data-wp-interactive=\"core\/file\" class=\"wp-block-file\"><object data-wp-bind--hidden=\"!state.hasPdfPreview\" hidden class=\"wp-block-file__embed\" data=\"https:\/\/aebriteiros.pt\/inicio\/wp-content\/uploads\/2025\/12\/Relatorio-AI-22_23.pdf\" type=\"application\/pdf\" style=\"width:100%;height:600px\" aria-label=\"Incorpora\u00e7\u00e3o de Relatorio da Avalia\u00e7\u00e3o InternaI_ 22.23_AEBriteiros.\"><\/object><a id=\"wp-block-file--media-e4f0ab53-c5ca-4972-bfbe-e9acab081606\" href=\"https:\/\/aebriteiros.pt\/inicio\/wp-content\/uploads\/2025\/12\/Relatorio-AI-22_23.pdf\">Relatorio da Avalia\u00e7\u00e3o InternaI_ 22.23_AEBriteiros<\/a><a href=\"https:\/\/aebriteiros.pt\/inicio\/wp-content\/uploads\/2025\/12\/Relatorio-AI-22_23.pdf\" class=\"wp-block-file__button wp-element-button\" download aria-describedby=\"wp-block-file--media-e4f0ab53-c5ca-4972-bfbe-e9acab081606\">Descarregar<\/a><\/div>\n\n\n\n<div data-wp-interactive=\"core\/file\" class=\"wp-block-file\"><object data-wp-bind--hidden=\"!state.hasPdfPreview\" hidden class=\"wp-block-file__embed\" data=\"https:\/\/aebriteiros.pt\/inicio\/wp-content\/uploads\/2025\/12\/Relatorio-AI-23_24.pdf\" type=\"application\/pdf\" style=\"width:100%;height:600px\" aria-label=\"Incorpora\u00e7\u00e3o de Relatorio da Avalia\u00e7\u00e3o Interna_ 23.24_ AEBriteiros.\"><\/object><a id=\"wp-block-file--media-fdb8c986-30e8-4be8-a8f0-7bd8b2b179b4\" href=\"https:\/\/aebriteiros.pt\/inicio\/wp-content\/uploads\/2025\/12\/Relatorio-AI-23_24.pdf\">Relatorio da Avalia\u00e7\u00e3o Interna_ 23.24_ AEBriteiros<\/a><a href=\"https:\/\/aebriteiros.pt\/inicio\/wp-content\/uploads\/2025\/12\/Relatorio-AI-23_24.pdf\" class=\"wp-block-file__button wp-element-button\" download aria-describedby=\"wp-block-file--media-fdb8c986-30e8-4be8-a8f0-7bd8b2b179b4\">Descarregar<\/a><\/div>\n\n\n\n<div data-wp-interactive=\"core\/file\" class=\"wp-block-file\"><object data-wp-bind--hidden=\"!state.hasPdfPreview\" hidden class=\"wp-block-file__embed\" data=\"https:\/\/aebriteiros.pt\/inicio\/wp-content\/uploads\/2025\/12\/Relatorio-AI-24_25.pdf\" type=\"application\/pdf\" style=\"width:100%;height:600px\" aria-label=\"Incorpora\u00e7\u00e3o de Relatorio da Avalia\u00e7\u00e3o Interna 24.25_AEBriteiros.\"><\/object><a id=\"wp-block-file--media-2092e83e-d19a-4304-9bfd-28dda5ca6d9d\" href=\"https:\/\/aebriteiros.pt\/inicio\/wp-content\/uploads\/2025\/12\/Relatorio-AI-24_25.pdf\">Relatorio da Avalia\u00e7\u00e3o Interna 24.25_AEBriteiros<\/a><a href=\"https:\/\/aebriteiros.pt\/inicio\/wp-content\/uploads\/2025\/12\/Relatorio-AI-24_25.pdf\" class=\"wp-block-file__button wp-element-button\" download aria-describedby=\"wp-block-file--media-2092e83e-d19a-4304-9bfd-28dda5ca6d9d\">Descarregar<\/a><\/div>\n\n\n\n<p><\/p>\n\n\n\n<p><strong><mark style=\"background-color:#ffbf00\" class=\"has-inline-color\">Avalia\u00e7\u00e3o de Desempenho Docente<\/mark><\/strong><\/p>\n\n\n\n<div data-wp-interactive=\"core\/file\" class=\"wp-block-file\"><object data-wp-bind--hidden=\"!state.hasPdfPreview\" hidden class=\"wp-block-file__embed\" data=\"https:\/\/aebriteiros.pt\/inicio\/wp-content\/uploads\/2026\/01\/GUIAO-ADD-26_signed.pdf\" type=\"application\/pdf\" style=\"width:100%;height:600px\" aria-label=\"Incorpora\u00e7\u00e3o de GUI\u00c3O ADD_25.26_AEBriteiros.\"><\/object><a id=\"wp-block-file--media-7c3855d8-da86-4c40-a942-b3332f04af86\" href=\"https:\/\/aebriteiros.pt\/inicio\/wp-content\/uploads\/2026\/01\/GUIAO-ADD-26_signed.pdf\">GUI\u00c3O ADD_25.26_AEBriteiros<\/a><a href=\"https:\/\/aebriteiros.pt\/inicio\/wp-content\/uploads\/2026\/01\/GUIAO-ADD-26_signed.pdf\" class=\"wp-block-file__button wp-element-button\" download aria-describedby=\"wp-block-file--media-7c3855d8-da86-4c40-a942-b3332f04af86\">Descarregar<\/a><\/div>\n\n\n\n<p><\/p>\n","protected":false},"excerpt":{"rendered":"<p>Avalia\u00e7\u00e3o Interna Avalia\u00e7\u00e3o de Desempenho Docente<\/p>\n","protected":false},"author":1,"featured_media":0,"parent":0,"menu_order":0,"comment_status":"closed","ping_status":"closed","template":"","meta":{"footnotes":""},"class_list":["post-1440","page","type-page","status-publish","hentry"],"_links":{"self":[{"href":"https:\/\/aebriteiros.pt\/inicio\/wp-json\/wp\/v2\/pages\/1440","targetHints":{"allow":["GET"]}}],"collection":[{"href":"https:\/\/aebriteiros.pt\/inicio\/wp-json\/wp\/v2\/pages"}],"about":[{"href":"https:\/\/aebriteiros.pt\/inicio\/wp-json\/wp\/v2\/types\/page"}],"author":[{"embeddable":true,"href":"https:\/\/aebriteiros.pt\/inicio\/wp-json\/wp\/v2\/users\/1"}],"replies":[{"embeddable":true,"href":"https:\/\/aebriteiros.pt\/inicio\/wp-json\/wp\/v2\/comments?post=1440"}],"version-history":[{"count":3,"href":"https:\/\/aebriteiros.pt\/inicio\/wp-json\/wp\/v2\/pages\/1440\/revisions"}],"predecessor-version":[{"id":1605,"href":"https:\/\/aebriteiros.pt\/inicio\/wp-json\/wp\/v2\/pages\/1440\/revisions\/1605"}],"wp:attachment":[{"href":"https:\/\/aebriteiros.pt\/inicio\/wp-json\/wp\/v2\/media?parent=1440"}],"curies":[{"name":"wp","href":"https:\/\/api.w.org\/{rel}","templated":true}]}}