{"id":1142,"date":"2025-07-15T12:44:59","date_gmt":"2025-07-15T12:44:59","guid":{"rendered":"https:\/\/aebriteiros.pt\/inicio\/?page_id=1142"},"modified":"2025-07-15T12:44:59","modified_gmt":"2025-07-15T12:44:59","slug":"canal-da-denuncia","status":"publish","type":"page","link":"https:\/\/aebriteiros.pt\/inicio\/canal-da-denuncia\/","title":{"rendered":"Canal da Den\u00fancia"},"content":{"rendered":"\n<p>Em cumprimento do previsto no&nbsp;<a href=\"https:\/\/files.dre.pt\/1s\/2021\/12\/23701\/0001900042.pdf\"><strong>Decreto-Lei n.\u00ba 109-E\/2021, de 9 de dezembro<\/strong><\/a>, que cria o Mecanismo Nacional Anticorrup\u00e7\u00e3o (MENAC) e estabelece o Regime Geral de Preven\u00e7\u00e3o da Corrup\u00e7\u00e3o (RGPC) e na&nbsp;<a href=\"https:\/\/files.dre.pt\/1s\/2021\/12\/24400\/0000300015.pdf\"><strong>Lei n.\u00ba 93\/2021, de 20 de dezembro<\/strong><\/a>, que aprovou o Regime Geral de Prote\u00e7\u00e3o de Denunciantes de Infra\u00e7\u00f5es relativa \u00e0 prote\u00e7\u00e3o das pessoas, o Agrupamento de Escola de Briteiros (AEB) &nbsp;<strong>assegura a disponibiliza\u00e7\u00e3o de um Canal de Den\u00fancias<\/strong>.<\/p>\n\n\n\n<p>Este Canal permite a apresenta\u00e7\u00e3o de den\u00fancias de presum\u00edveis atos de corrup\u00e7\u00e3o e\/ou infra\u00e7\u00f5es conexas, supostamente, cometidos por trabalhadores, docentes ou n\u00e3o docentes, que exercem fun\u00e7\u00f5es no AEB.<\/p>\n\n\n\n<p>Todos\/as os\/as utilizadores\/as deste canal est\u00e3o protegidos\/as por lei, proibindo qualquer tipo de retalia\u00e7\u00e3o, assegurando o anonimato (quando desejado) e\/ou a confidencialidade. A seguran\u00e7a da informa\u00e7\u00e3o partilhada \u00e9 garantida e s\u00f3 as pessoas exclusivamente designadas pelo diretor do AEB, nos termos previstos na lei, ter\u00e3o acesso \u00e0 mesma.<\/p>\n\n\n\n<p>As den\u00fancias devem ser efetuadas de boa-f\u00e9. A utiliza\u00e7\u00e3o indevida e\/ou a presta\u00e7\u00e3o de declara\u00e7\u00f5es falsas \u00e9 grave e compromete o prop\u00f3sito deste canal, podendo resultar em san\u00e7\u00f5es.<\/p>\n\n\n\n<div class=\"wp-block-buttons is-layout-flex wp-block-buttons-is-layout-flex\">\n<div class=\"wp-block-button is-style-fill\"><a class=\"wp-block-button__link wp-element-button\" href=\"https:\/\/forms.gle\/UrTGyMHFWaTADWREA\" target=\"_blank\" rel=\"noreferrer noopener\">Canal da DeN\u00daNCIA<\/a><\/div>\n<\/div>\n\n\n\n<p><strong>Perguntas Frequentes \u201cRegime Geral de Prote\u00e7\u00e3o de Denunciantes de Infra\u00e7\u00f5es\u201d<\/strong>:<\/p>\n\n\n\n<p><a href=\"https:\/\/mec-anticorrupcao.pt\/faq\/regime-geral-de-protecao-de-denunciantes-de-infracoes\">https:\/\/mec-anticorrupcao.pt\/faq\/regime-geral-de-protecao-de-denunciantes-de-infracoes<\/a><\/p>\n\n\n\n<p><strong>Consulte tamb\u00e9m:<\/strong><\/p>\n\n\n\n<p><a href=\"https:\/\/aebriteiros.pt\/inicio\/wp-content\/uploads\/2025\/07\/Codigo_de_Conduta_AE_Briteiros_vf.docx_signed.pdf\" target=\"_blank\" rel=\"noreferrer noopener\">C\u00f3digo de \u00c9tica e de Conduta do AEB<\/a><\/p>\n\n\n\n<p><a href=\"https:\/\/aebriteiros.pt\/inicio\/wp-content\/uploads\/2025\/07\/PLANO-DE-PREVENCAO-DE-RISCOS-DE-CORRUPCAO-E-INFRACOES-CONEXAS_AEB-2025_signed_signed.pdf\" target=\"_blank\" rel=\"noreferrer noopener\">Plano de Preven\u00e7\u00e3o de Riscos de Corrup\u00e7\u00e3o e Infra\u00e7\u00f5es Conexas AEB<\/a><\/p>\n\n\n\n<p><a href=\"https:\/\/aebriteiros.pt\/inicio\/wp-content\/uploads\/2025\/07\/Plano-de-FormacaoPPR_AEB_signed_signed.pdf\" target=\"_blank\" rel=\"noreferrer noopener\">Plano e forma\u00e7\u00e3o MENAC AEB<\/a><\/p>\n\n\n\n<p><a href=\"https:\/\/aebriteiros.pt\/inicio\/wp-content\/uploads\/2025\/07\/Declaracao-Politica-Anti-Fraude_AEB_signed_signed.pdf\" data-type=\"link\" data-id=\"https:\/\/aebriteiros.pt\/inicio\/wp-content\/uploads\/2025\/07\/Declaracao-Politica-Anti-Fraude_AEB_signed_signed.pdf\" target=\"_blank\" rel=\"noreferrer noopener\">Declara\u00e7\u00e3o Pol\u00edtica Anti-Fraude<\/a><\/p>\n\n\n\n<p><\/p>\n","protected":false},"excerpt":{"rendered":"<p>Em cumprimento do previsto no&nbsp;Decreto-Lei n.\u00ba 109-E\/2021, de 9 de dezembro, que cria o Mecanismo Nacional<\/p>\n<p><a href=\"https:\/\/aebriteiros.pt\/inicio\/canal-da-denuncia\/\" class=\"more-link\">Continue a ler&#8230;<span class=\"screen-reader-text\">Canal da Den\u00fancia<\/span><\/a><\/p>\n","protected":false},"author":1,"featured_media":0,"parent":0,"menu_order":0,"comment_status":"closed","ping_status":"closed","template":"","meta":{"footnotes":""},"class_list":["post-1142","page","type-page","status-publish","hentry"],"_links":{"self":[{"href":"https:\/\/aebriteiros.pt\/inicio\/wp-json\/wp\/v2\/pages\/1142","targetHints":{"allow":["GET"]}}],"collection":[{"href":"https:\/\/aebriteiros.pt\/inicio\/wp-json\/wp\/v2\/pages"}],"about":[{"href":"https:\/\/aebriteiros.pt\/inicio\/wp-json\/wp\/v2\/types\/page"}],"author":[{"embeddable":true,"href":"https:\/\/aebriteiros.pt\/inicio\/wp-json\/wp\/v2\/users\/1"}],"replies":[{"embeddable":true,"href":"https:\/\/aebriteiros.pt\/inicio\/wp-json\/wp\/v2\/comments?post=1142"}],"version-history":[{"count":5,"href":"https:\/\/aebriteiros.pt\/inicio\/wp-json\/wp\/v2\/pages\/1142\/revisions"}],"predecessor-version":[{"id":1151,"href":"https:\/\/aebriteiros.pt\/inicio\/wp-json\/wp\/v2\/pages\/1142\/revisions\/1151"}],"wp:attachment":[{"href":"https:\/\/aebriteiros.pt\/inicio\/wp-json\/wp\/v2\/media?parent=1142"}],"curies":[{"name":"wp","href":"https:\/\/api.w.org\/{rel}","templated":true}]}}