{"id":1081,"date":"2025-05-27T10:38:43","date_gmt":"2025-05-27T10:38:43","guid":{"rendered":"https:\/\/aebriteiros.pt\/inicio\/?page_id=1081"},"modified":"2025-05-28T11:02:33","modified_gmt":"2025-05-28T11:02:33","slug":"recuperacao-das-aprendizagens-promocao-do-sucesso-escolar-e-combate-as-desigualdades-2","status":"publish","type":"page","link":"https:\/\/aebriteiros.pt\/inicio\/recuperacao-das-aprendizagens-promocao-do-sucesso-escolar-e-combate-as-desigualdades-2\/","title":{"rendered":"Recupera\u00e7\u00e3o das Aprendizagens, Promo\u00e7\u00e3o do Sucesso Escolar e Combate \u00e0s Desigualdades \u2013 \u201cPlano Aprender mais Agora\u201d"},"content":{"rendered":"\n<figure class=\"wp-block-image size-large\"><img fetchpriority=\"high\" decoding=\"async\" width=\"725\" height=\"1024\" src=\"https:\/\/aebriteiros.pt\/inicio\/wp-content\/uploads\/2025\/05\/Anexo_7_PESSOAS2030_FichaOperacao_A4_candidatura-individual-1_page-0001-725x1024.jpg\" alt=\"\" class=\"wp-image-1082\" srcset=\"https:\/\/aebriteiros.pt\/inicio\/wp-content\/uploads\/2025\/05\/Anexo_7_PESSOAS2030_FichaOperacao_A4_candidatura-individual-1_page-0001-725x1024.jpg 725w, https:\/\/aebriteiros.pt\/inicio\/wp-content\/uploads\/2025\/05\/Anexo_7_PESSOAS2030_FichaOperacao_A4_candidatura-individual-1_page-0001-212x300.jpg 212w, https:\/\/aebriteiros.pt\/inicio\/wp-content\/uploads\/2025\/05\/Anexo_7_PESSOAS2030_FichaOperacao_A4_candidatura-individual-1_page-0001-768x1085.jpg 768w, https:\/\/aebriteiros.pt\/inicio\/wp-content\/uploads\/2025\/05\/Anexo_7_PESSOAS2030_FichaOperacao_A4_candidatura-individual-1_page-0001-1087x1536.jpg 1087w, https:\/\/aebriteiros.pt\/inicio\/wp-content\/uploads\/2025\/05\/Anexo_7_PESSOAS2030_FichaOperacao_A4_candidatura-individual-1_page-0001.jpg 1241w\" sizes=\"(max-width: 725px) 100vw, 725px\" \/><\/figure>\n\n\n\n<p><\/p>\n","protected":false},"excerpt":{"rendered":"","protected":false},"author":1,"featured_media":0,"parent":0,"menu_order":0,"comment_status":"closed","ping_status":"closed","template":"","meta":{"footnotes":""},"class_list":["post-1081","page","type-page","status-publish","hentry"],"_links":{"self":[{"href":"https:\/\/aebriteiros.pt\/inicio\/wp-json\/wp\/v2\/pages\/1081","targetHints":{"allow":["GET"]}}],"collection":[{"href":"https:\/\/aebriteiros.pt\/inicio\/wp-json\/wp\/v2\/pages"}],"about":[{"href":"https:\/\/aebriteiros.pt\/inicio\/wp-json\/wp\/v2\/types\/page"}],"author":[{"embeddable":true,"href":"https:\/\/aebriteiros.pt\/inicio\/wp-json\/wp\/v2\/users\/1"}],"replies":[{"embeddable":true,"href":"https:\/\/aebriteiros.pt\/inicio\/wp-json\/wp\/v2\/comments?post=1081"}],"version-history":[{"count":3,"href":"https:\/\/aebriteiros.pt\/inicio\/wp-json\/wp\/v2\/pages\/1081\/revisions"}],"predecessor-version":[{"id":1097,"href":"https:\/\/aebriteiros.pt\/inicio\/wp-json\/wp\/v2\/pages\/1081\/revisions\/1097"}],"wp:attachment":[{"href":"https:\/\/aebriteiros.pt\/inicio\/wp-json\/wp\/v2\/media?parent=1081"}],"curies":[{"name":"wp","href":"https:\/\/api.w.org\/{rel}","templated":true}]}}